{"id":491,"date":"2020-10-06T16:37:49","date_gmt":"2020-10-06T14:37:49","guid":{"rendered":"https:\/\/duegipelletterie.it\/?page_id=491"},"modified":"2020-10-13T16:51:02","modified_gmt":"2020-10-13T14:51:02","slug":"privacy-policy","status":"publish","type":"page","link":"https:\/\/duegipelletterie.it\/en\/privacy-policy\/","title":{"rendered":"Privacy Policy"},"content":{"rendered":"<p><strong>La tutela della vostra Privacy \u00e8 uno dei nostri principali obiettivi!<\/strong><\/p>\n<p>Questo documento le permetter\u00e0 di conoscere la nostra politica sulla privacy per capire come le sue informazioni personali vengono gestite quando utilizza i nostri servizi e per consentirle, se del caso, di prestare un consenso al trattamento dei suoi dati personali espresso e consapevole nelle sezioni del sito ove viene richiesto di fornire i dati personali.<\/p>\n<p>Le ricordiamo che nelle varie sezioni del nostro sito web (di seguito &#8220;<strong>Sito<\/strong>&#8220;) ove raccogliamo i suoi dati personali sono pubblicate specifiche informative ai sensi dell&#8217;art. 13 del Regolamento EU 2016\/679 (di seguito: &#8220;<strong>Regolamento<\/strong>&#8220;) per sua necessaria presa visione prima della fornitura dei dati richiesti.<\/p>\n<p>Le informazioni ed i dati da lei forniti o altrimenti acquisiti nell&#8217;ambito della registrazione ai vari servizi, (come ad esempio: richiesta di informazioni, consulenza, registrazione alla newsletter, attivit\u00e0 di marketing e comunicazione online e offline, partecipazione ad eventi, attivit\u00e0 di ufficio stampa e PR, comunicazioni commerciali, ecc. di seguito, complessivamente: \u201c<strong>Servizi<\/strong>\u201c), saranno oggetto di trattamento nel rispetto delle disposizioni del Regolamento e degli obblighi di riservatezza che ispirano la nostra attivit\u00e0.<\/p>\n<p>Ai sensi General Data Protection Regulation &#8211; Regolamento UE 2016\/679 (Codice in materia di protezione dei dati personali), il trattamento delle informazioni che La riguardano sar\u00e0 improntato ai principi liceit\u00e0, correttezza, trasparenza, limitazione delle finalit\u00e0 e della conservazione, minimizzazione dei dati, esattezza, integrit\u00e0 e riservatezza.<\/p>\n<p><strong>Duegi Pelletterie Srl (titolare del trattamento dei dati) <\/strong>ai sensi dell\u2019articolo 13 General Data Protection Regulation &#8211; Regolamento UE 2016\/679 Le fornisce quindi le seguenti informazioni sul trattamento dei dati personali forniti per l\u2019utilizzo dei servizi offerti dal titolare del trattamento dei dati e dal sito\u00a0<strong>www.duegipelletterie.it <\/strong>e di tutti i suoi sotto domini (di seguito denominato il Sito).<\/p>\n<p><strong>A) Finalit\u00e0 di trattamento:<\/strong><\/p>\n<p>Ai sensi e per gli effetti del Regolamento i dati personali raccolti saranno oggetto di trattamento, mediante archiviazione automatizzata nel sistema informatico dal titolare del trattamento dei dati, per finalit\u00e0 connesse alle attivit\u00e0 del titolare del trattamento dei dati e ai servizi:<\/p>\n<p style=\"padding-left: 30px;\">1.1. per fornirLe assistenza all\u2019uso dei servizi e, in generale, per la gestione dei servizi;<\/p>\n<p style=\"padding-left: 30px;\">1.2. per inviarLe comunicazioni relative alle modalit\u00e0 di utilizzo dei servizi;<\/p>\n<p style=\"padding-left: 30px;\">1.3. per inviarLe comunicazioni commerciali relative ed alle attivit\u00e0 del titolare del trattamento dei dati;<\/p>\n<p style=\"padding-left: 30px;\">1.4. solo previo esplicito consenso, per inviarLe comunicazioni commerciali relative alle attivit\u00e0 di terzi. Nel caso non venga comunicato, questo si intende NON concesso.<\/p>\n<p><strong>B) Natura obbligatoria o facoltativa del conferimento dei dati e conseguenze del rifiuto dei dati<\/strong><\/p>\n<p>La base legale del trattamento di Dati Personali per le finalit\u00e0 di cui alla sezione 3 (a-b-c) \u00e8 l&#8217;art. 6(1)(b) del Regolamento in quanto i trattamenti sono necessari all&#8217;erogazione dei servizi contrattualizzati. Il conferimento dei Dati Personali per queste finalit\u00e0 \u00e8 facoltativo ma l&#8217;eventuale mancato conferimento comporterebbe l&#8217;impossibilit\u00e0 di attivare i Servizi richiesti.<br \/>\nLa finalit\u00e0 di cui alla sezione 3(d) rappresenta un trattamento legittimo di Dati Personali ai sensi dell&#8217;art. 6(1)(c) del Regolamento. Una volta conferiti i Dati Personali, il trattamento pu\u00f2 essere invero necessario per adempiere ad obblighi di legge.<\/p>\n<p>Quindi, il conferimento dei dati \u00e8 facoltativo, ma un eventuale rifiuto pu\u00f2 determinare l&#8217;impossibilit\u00e0 di accedere ai servizi offerti dal presente sito.<\/p>\n<p><strong>C) Soggetti a cui potranno essere comunicati i dati \u2013 ambito di diffusione dei dati<\/strong><\/p>\n<p>I dati personali che ha fornito potranno essere comunicati esclusivamente a:<\/p>\n<p style=\"padding-left: 30px;\">4.1. societ\u00e0 collegate o controllate facenti parte del nostro gruppo, per il perseguimento delle medesime finalit\u00e0 per cui i dati sono stati raccolti;<\/p>\n<p style=\"padding-left: 30px;\">4.2. enti pubblici o privati per l\u2019adempimento di obblighi previsti dallo statuto, dalla legge o dalla normativa comunitaria;<\/p>\n<p style=\"padding-left: 30px;\">4.3. alcuni dei suoi Dati Personali potrebbero essere condivisi con Destinatari che si potrebbero trovare al di fuori dello Spazio Economico Europeo. Assicuriamo che il trattamento suoi Dati Personali da parte di questi Destinatari avviene nel rispetto del Regolamento. Invero, i trasferimenti si possono basare su una decisione di adeguatezza o sullo Standard Contractual Clauses approvate dalla Commissione Europea. Maggiori informazioni sono disponibili presso il Titolare del trattamento dei dati.<\/p>\n<p><strong>D) Diritti dell\u2019interessato ai sensi dell\u2019articolo 15,18,20,77 del<\/strong><strong> Regolamento<\/strong><\/p>\n<p style=\"padding-left: 30px;\">5.1. il diritto di ottenere la conferma dell\u2019esistenza o meno di dati personali che lo riguardano, anche se non ancora registrati, e la loro comunicazione in forma intelligibile;<\/p>\n<p style=\"padding-left: 30px;\">5.2 il diritto di ottenere l\u2019indicazione dell\u2019origine dei dati personali (articolo 15), delle finalit\u00e0 e modalit\u00e0 del trattamento, della logica applicata in caso di trattamento effettuato con l\u2019ausilio di strumenti elettronici, degli estremi indicativi del titolare, dei responsabili e del rappresentante designato, dei soggetti o delle categorie di soggetti ai quali i dati personali possono essere comunicati o che possono venirne a conoscenza in qualit\u00e0 di rappresentante designato nel territorio dello Stato, di responsabili o incaricati.<\/p>\n<p style=\"padding-left: 30px;\">5.3. il diritto di ottenere l\u2019aggiornamento, la rettifica ovvero l\u2019integrazione dei dati nonch\u00e9 la loro cancellazione, trasformazione in forma anonima ovvero il loro blocco qualora trattati in violazione della legge, compresi quelli di cui non \u00e8 necessaria la conservazione in relazione agli scopi per i quali i dati sono stati raccolti o successivamente trattati;<\/p>\n<p style=\"padding-left: 30px;\">5.4. il diritto di opporsi al trattamento di dati personali che lo riguardano a fini di invio di materiale pubblicitario o di vendita diretta o per il compimento di ricerche di mercato o di comunicazione commerciale.<\/p>\n<p style=\"padding-left: 30px;\">5.5. il diritto di porre reclamo alle autorit\u00e0 di controllo (Garante per la Protezione dei Dati Personali), ai sensi dell\u2019art. 77 del Regolamento, qualora ritenga che il trattamento dei suoi dati sia contrario alla normativa in vigore.<\/p>\n<p style=\"padding-left: 30px;\">5.6. il diritto di chiedere al titolare del trattamento dei dati in qualunque momento l\u2019accesso ai suoi dati personali, la rettifica o la cancellazione degli stessi o di opporsi al loro trattamento, ha diritto di richiedere la limitazione del trattamento nei casi previsti dall\u2019art. 18 del Regolamento, nonch\u00e9 di ottenere in un formato strutturato, di uso comune e leggibile da dispositivo automatico i dati che la riguardano, nei casi previsti dall\u2019art. 20 del Regolamento.<\/p>\n<p><strong>E) Base giuridica del trattamento<\/strong><\/p>\n<p>Informiamo i fruitori del sito che la base giuridica del trattamento dei dati \u00e8 la nazione Italiana (facente parte della comunit\u00e0 europea).<\/p>\n<p><strong>F) Periodo di conservazione dei dati<\/strong><\/p>\n<p>I Dati Personali trattati saranno conservati per il tempo strettamente necessario a raggiungere quelle stesse finalit\u00e0. In ogni caso, trattandosi di trattamenti svolti per la fornitura di Servizi, tratteremo i Dati Personali fino al tempo permesso dalla normativa Italiana a tutela dei propri interessi (Art. 2946 c.c. e ss.).<\/p>\n<p>I Dati Personali trattati per le finalit\u00e0 elencate nella sezione A saranno conservati fino al tempo previsto dallo specifico obbligo o norma di legge applicabile. A titolo esemplificativo, come gi\u00e0 specificato, i dati di traffico saranno conservati per finalit\u00e0 di giustizia per sette anni dalla loro generazione; altrimenti, saranno conservati per 3 anni.<\/p>\n<p>I suoi Dati Personali saranno utilizzati per scopi di informativa (seziona A 1.3) fino alla revoca del suo consenso oppure fino a tre anni dopo che lei abbia cessato di essere nostro cliente, o si sia semplicemente registrato sul Sito, e non abbia fatto alcun acquisto di prodotti o servizi. \u00c8 fatta salva in ogni caso la possibilit\u00e0 da parte nostra di conservare i suoi Dati Personali fino al tempo permesso dalla legge Italiana a tutela dei propri interessi (Art. 2947(1)(3) c.c.). Maggiori informazioni in merito al periodo di conservazione dei dati e ai criteri utilizzati per determinare tale periodo possono essere richieste scrivendo al Titolare della protezione dei dati.<\/p>\n<p><strong>G) Titolare del trattamento e responsabile<\/strong><\/p>\n<p>Titolare del trattamento dei dati \u00e8 Duegi Pelletterie Srl, Via A. Canova, 8 &#8211; 36055 Nove (VI) &#8211; Italy.<\/p>\n<p><strong>H) Modifiche<\/strong><\/p>\n<p>La presente privacy policy \u00e8 in vigore dal 25 maggio 2018. Ci riserviamo di modificarne o semplicemente aggiornarne il contenuto, in parte o completamente, anche a causa di variazioni della normativa applicabile. Qualora le modifiche alla presente Policy riguardino cambiamenti sostanziali nei trattamenti oppure possano avere comunque un impatto rilevante sugli interessati, avremo cura di notificarle opportunamente agli interessati.<\/p>\n","protected":false},"excerpt":{"rendered":"<p>La tutela della vostra Privacy \u00e8 uno dei nostri principali obiettivi! Questo documento le permetter\u00e0 di conoscere la nostra politica sulla privacy per capire come le<span class=\"excerpt-hellip\"> [\u2026]<\/span><\/p>\n","protected":false},"author":1,"featured_media":0,"parent":0,"menu_order":0,"comment_status":"closed","ping_status":"closed","template":"","meta":{"footnotes":""},"class_list":["post-491","page","type-page","status-publish","hentry"],"yoast_head":"<!-- This site is optimized with the Yoast SEO plugin v24.8.1 - https:\/\/yoast.com\/wordpress\/plugins\/seo\/ -->\n<title>Privacy Policy &#8226; Duegi Pelletterie<\/title>\n<meta name=\"robots\" content=\"index, follow, max-snippet:-1, max-image-preview:large, max-video-preview:-1\" \/>\n<link rel=\"canonical\" href=\"https:\/\/duegipelletterie.it\/privacy-policy\/\" \/>\n<meta property=\"og:locale\" content=\"en_US\" \/>\n<meta property=\"og:type\" content=\"article\" \/>\n<meta property=\"og:title\" content=\"Privacy Policy &#8226; Duegi Pelletterie\" \/>\n<meta property=\"og:description\" content=\"La tutela della vostra Privacy \u00e8 uno dei nostri principali obiettivi! Questo documento le permetter\u00e0 di conoscere la nostra politica sulla privacy per capire come le [\u2026]\" \/>\n<meta property=\"og:url\" content=\"https:\/\/duegipelletterie.it\/privacy-policy\/\" \/>\n<meta property=\"og:site_name\" content=\"Duegi Pelletterie\" \/>\n<meta property=\"article:modified_time\" content=\"2020-10-13T14:51:02+00:00\" \/>\n<meta name=\"twitter:card\" content=\"summary_large_image\" \/>\n<meta name=\"twitter:label1\" content=\"Est. reading time\" \/>\n\t<meta name=\"twitter:data1\" content=\"6 minutes\" \/>\n<script type=\"application\/ld+json\" class=\"yoast-schema-graph\">{\"@context\":\"https:\/\/schema.org\",\"@graph\":[{\"@type\":\"WebPage\",\"@id\":\"https:\/\/duegipelletterie.it\/privacy-policy\/\",\"url\":\"https:\/\/duegipelletterie.it\/privacy-policy\/\",\"name\":\"Privacy Policy &#8226; Duegi Pelletterie\",\"isPartOf\":{\"@id\":\"https:\/\/duegipelletterie.it\/#website\"},\"datePublished\":\"2020-10-06T14:37:49+00:00\",\"dateModified\":\"2020-10-13T14:51:02+00:00\",\"breadcrumb\":{\"@id\":\"https:\/\/duegipelletterie.it\/privacy-policy\/#breadcrumb\"},\"inLanguage\":\"en-US\",\"potentialAction\":[{\"@type\":\"ReadAction\",\"target\":[\"https:\/\/duegipelletterie.it\/privacy-policy\/\"]}]},{\"@type\":\"BreadcrumbList\",\"@id\":\"https:\/\/duegipelletterie.it\/privacy-policy\/#breadcrumb\",\"itemListElement\":[{\"@type\":\"ListItem\",\"position\":1,\"name\":\"Home\",\"item\":\"https:\/\/duegipelletterie.it\/en\/\"},{\"@type\":\"ListItem\",\"position\":2,\"name\":\"Privacy Policy\"}]},{\"@type\":\"WebSite\",\"@id\":\"https:\/\/duegipelletterie.it\/#website\",\"url\":\"https:\/\/duegipelletterie.it\/\",\"name\":\"Duegi Pelletterie\",\"description\":\"Exclusive Leather Goods\",\"publisher\":{\"@id\":\"https:\/\/duegipelletterie.it\/#organization\"},\"potentialAction\":[{\"@type\":\"SearchAction\",\"target\":{\"@type\":\"EntryPoint\",\"urlTemplate\":\"https:\/\/duegipelletterie.it\/?s={search_term_string}\"},\"query-input\":{\"@type\":\"PropertyValueSpecification\",\"valueRequired\":true,\"valueName\":\"search_term_string\"}}],\"inLanguage\":\"en-US\"},{\"@type\":\"Organization\",\"@id\":\"https:\/\/duegipelletterie.it\/#organization\",\"name\":\"Duegi Pelletterie\",\"url\":\"https:\/\/duegipelletterie.it\/\",\"logo\":{\"@type\":\"ImageObject\",\"inLanguage\":\"en-US\",\"@id\":\"https:\/\/duegipelletterie.it\/#\/schema\/logo\/image\/\",\"url\":\"https:\/\/duegipelletterie.it\/wp-content\/uploads\/2020\/07\/logo_duegi_512.jpg\",\"contentUrl\":\"https:\/\/duegipelletterie.it\/wp-content\/uploads\/2020\/07\/logo_duegi_512.jpg\",\"width\":512,\"height\":512,\"caption\":\"Duegi Pelletterie\"},\"image\":{\"@id\":\"https:\/\/duegipelletterie.it\/#\/schema\/logo\/image\/\"}}]}<\/script>\n<!-- \/ Yoast SEO plugin. -->","yoast_head_json":{"title":"Privacy Policy &#8226; Duegi Pelletterie","robots":{"index":"index","follow":"follow","max-snippet":"max-snippet:-1","max-image-preview":"max-image-preview:large","max-video-preview":"max-video-preview:-1"},"canonical":"https:\/\/duegipelletterie.it\/privacy-policy\/","og_locale":"en_US","og_type":"article","og_title":"Privacy Policy &#8226; Duegi Pelletterie","og_description":"La tutela della vostra Privacy \u00e8 uno dei nostri principali obiettivi! Questo documento le permetter\u00e0 di conoscere la nostra politica sulla privacy per capire come le [\u2026]","og_url":"https:\/\/duegipelletterie.it\/privacy-policy\/","og_site_name":"Duegi Pelletterie","article_modified_time":"2020-10-13T14:51:02+00:00","twitter_card":"summary_large_image","twitter_misc":{"Est. reading time":"6 minutes"},"schema":{"@context":"https:\/\/schema.org","@graph":[{"@type":"WebPage","@id":"https:\/\/duegipelletterie.it\/privacy-policy\/","url":"https:\/\/duegipelletterie.it\/privacy-policy\/","name":"Privacy Policy &#8226; Duegi Pelletterie","isPartOf":{"@id":"https:\/\/duegipelletterie.it\/#website"},"datePublished":"2020-10-06T14:37:49+00:00","dateModified":"2020-10-13T14:51:02+00:00","breadcrumb":{"@id":"https:\/\/duegipelletterie.it\/privacy-policy\/#breadcrumb"},"inLanguage":"en-US","potentialAction":[{"@type":"ReadAction","target":["https:\/\/duegipelletterie.it\/privacy-policy\/"]}]},{"@type":"BreadcrumbList","@id":"https:\/\/duegipelletterie.it\/privacy-policy\/#breadcrumb","itemListElement":[{"@type":"ListItem","position":1,"name":"Home","item":"https:\/\/duegipelletterie.it\/en\/"},{"@type":"ListItem","position":2,"name":"Privacy Policy"}]},{"@type":"WebSite","@id":"https:\/\/duegipelletterie.it\/#website","url":"https:\/\/duegipelletterie.it\/","name":"Duegi Pelletterie","description":"Exclusive Leather Goods","publisher":{"@id":"https:\/\/duegipelletterie.it\/#organization"},"potentialAction":[{"@type":"SearchAction","target":{"@type":"EntryPoint","urlTemplate":"https:\/\/duegipelletterie.it\/?s={search_term_string}"},"query-input":{"@type":"PropertyValueSpecification","valueRequired":true,"valueName":"search_term_string"}}],"inLanguage":"en-US"},{"@type":"Organization","@id":"https:\/\/duegipelletterie.it\/#organization","name":"Duegi Pelletterie","url":"https:\/\/duegipelletterie.it\/","logo":{"@type":"ImageObject","inLanguage":"en-US","@id":"https:\/\/duegipelletterie.it\/#\/schema\/logo\/image\/","url":"https:\/\/duegipelletterie.it\/wp-content\/uploads\/2020\/07\/logo_duegi_512.jpg","contentUrl":"https:\/\/duegipelletterie.it\/wp-content\/uploads\/2020\/07\/logo_duegi_512.jpg","width":512,"height":512,"caption":"Duegi Pelletterie"},"image":{"@id":"https:\/\/duegipelletterie.it\/#\/schema\/logo\/image\/"}}]}},"_links":{"self":[{"href":"https:\/\/duegipelletterie.it\/en\/wp-json\/wp\/v2\/pages\/491","targetHints":{"allow":["GET"]}}],"collection":[{"href":"https:\/\/duegipelletterie.it\/en\/wp-json\/wp\/v2\/pages"}],"about":[{"href":"https:\/\/duegipelletterie.it\/en\/wp-json\/wp\/v2\/types\/page"}],"author":[{"embeddable":true,"href":"https:\/\/duegipelletterie.it\/en\/wp-json\/wp\/v2\/users\/1"}],"replies":[{"embeddable":true,"href":"https:\/\/duegipelletterie.it\/en\/wp-json\/wp\/v2\/comments?post=491"}],"version-history":[{"count":3,"href":"https:\/\/duegipelletterie.it\/en\/wp-json\/wp\/v2\/pages\/491\/revisions"}],"predecessor-version":[{"id":513,"href":"https:\/\/duegipelletterie.it\/en\/wp-json\/wp\/v2\/pages\/491\/revisions\/513"}],"wp:attachment":[{"href":"https:\/\/duegipelletterie.it\/en\/wp-json\/wp\/v2\/media?parent=491"}],"curies":[{"name":"wp","href":"https:\/\/api.w.org\/{rel}","templated":true}]}}