{"id":592,"date":"2023-10-13T11:38:16","date_gmt":"2023-10-13T09:38:16","guid":{"rendered":"https:\/\/duegipelletterie.it\/?page_id=592"},"modified":"2023-10-18T14:23:02","modified_gmt":"2023-10-18T12:23:02","slug":"home","status":"publish","type":"page","link":"https:\/\/duegipelletterie.it\/fr\/","title":{"rendered":"Home"},"content":{"rendered":"<div class=\"wpb-content-wrapper\"><p>[vc_row full_width=\u00a0\u00bbstretch_row\u00a0\u00bb css=\u00a0\u00bb.vc_custom_1695806123588{background-color: #fcfcfc !important;}\u00a0\u00bb][vc_column][vc_column_text]<\/p>\n<h2>Si votre entreprise recherche:<\/h2>\n<p>[\/vc_column_text][vc_empty_space][vc_row_inner content_placement=\u00a0\u00bbmiddle\u00a0\u00bb][vc_column_inner width=\u00a0\u00bb1\/2&Prime;][vc_column_text]<\/p>\n<ul>\n<li>Fiabilit\u00e9 et flexibilit\u00e9 dans la production de vos produits<\/li>\n<li>Une strat\u00e9gie pour \u00e9largir votre gamme de production<\/li>\n<li>Des id\u00e9es innovantes pour de nouvelles gammes de produits<\/li>\n<li>Des processus de fabrication innovants<\/li>\n<li>Une \u00e9quipe sp\u00e9cialis\u00e9e dans la haute qualit\u00e9<\/li>\n<\/ul>\n<p>[\/vc_column_text][vc_empty_space][vc_column_text]<\/p>\n<h4><span style=\"color: #791724;\">Duegi Pelletterie est donc le partenaire id\u00e9al pour vous.<\/span><\/h4>\n<p>[\/vc_column_text][\/vc_column_inner][vc_column_inner width=\u00a0\u00bb1\/2&Prime;][vc_single_image image=\u00a0\u00bb429&Prime; img_size=\u00a0\u00bbfull\u00a0\u00bb css=\u00a0\u00bb.vc_custom_1697032980602{border-radius: 4px !important;}\u00a0\u00bb][\/vc_column_inner][\/vc_row_inner][\/vc_column][\/vc_row][vc_row full_width=\u00a0\u00bbstretch_row\u00a0\u00bb css=\u00a0\u00bb.vc_custom_1697041066398{background-color: #fbf2ea !important;}\u00a0\u00bb][vc_column][vc_empty_space][vc_row_inner content_placement=\u00a0\u00bbmiddle\u00a0\u00bb][vc_column_inner width=\u00a0\u00bb1\/2&Prime;][vc_images_carousel images=\u00a0\u00bb838,453,832,444&Prime; img_size=\u00a0\u00bbfull\u00a0\u00bb onclick=\u00a0\u00bblink_no\u00a0\u00bb speed=\u00a0\u00bb3000&Prime; autoplay=\u00a0\u00bbyes\u00a0\u00bb hide_prev_next_buttons=\u00a0\u00bbyes\u00a0\u00bb wrap=\u00a0\u00bbyes\u00a0\u00bb css=\u00a0\u00bb.vc_custom_1697034094513{border-radius: 4px !important;}\u00a0\u00bb][\/vc_column_inner][vc_column_inner width=\u00a0\u00bb1\/2&Prime;][vc_column_text]<\/p>\n<h2><span style=\"color: #791724;\">Qu\u2019est-ce qui distingue un sac de haute qualit\u00e9?<\/span><\/h2>\n<p>[\/vc_column_text][vc_empty_space][vc_column_text]<\/p>\n<h3><span style=\"color: #424242;\">LES EXPERTS LE SAVENT&#8230;<\/span><\/h3>\n<p>[\/vc_column_text][\/vc_column_inner][\/vc_row_inner][vc_row_inner][vc_column_inner el_class=\u00a0\u00bbp-grande\u00a0\u00bb][vc_empty_space][vc_column_text]La <span style=\"color: #791724;\"><strong>valeur r\u00e9elle d\u2019un sac<\/strong><\/span> est d\u00e9termin\u00e9e par l\u2019attention port\u00e9e aux d\u00e9tails, aux coutures, \u00e0 la r\u00e9sistance, aux finitions impeccables et aux d\u00e9fis techniques de production, en plus du choix des mat\u00e9riaux.[\/vc_column_text][vc_empty_space height=\u00a0\u00bb16px\u00a0\u00bb][vc_column_text]Le savoir faire de Duegi Pelletterie est une <span style=\"color: #791724;\"><strong> caract\u00e9ristique distinctive <\/strong><\/span> dans la cr\u00e9ation d\u2019<strong><span style=\"color: #791724;\">articles uniques et exclusifs<\/span><\/strong>. Le r\u00e9sultat est des produits qui sont cr\u00e9\u00e9s avec soin et pr\u00e9cision, assurant des finitions impeccables.<\/p>\n<p>[\/vc_column_text][\/vc_column_inner][\/vc_row_inner][vc_empty_space][\/vc_column][\/vc_row][vc_row full_width=\u00a0\u00bbstretch_row\u00a0\u00bb css=\u00a0\u00bb.vc_custom_1697041072389{background-color: #fbf2ea !important;}\u00a0\u00bb][vc_column][vc_media_grid element_width=\u00a0\u00bb3&Prime; grid_id=\u00a0\u00bbvc_gid:1697189471636-66a96c25-e12d-8&Prime; include=\u00a0\u00bb669,681,684,678&Prime;][\/vc_column][\/vc_row]<\/p>\n<\/div>","protected":false},"excerpt":{"rendered":"<p>[vc_row full_width=\u00a0\u00bbstretch_row\u00a0\u00bb css=\u00a0\u00bb.vc_custom_1695806123588{background-color: #fcfcfc !important;}\u00a0\u00bb][vc_column][vc_column_text] Si votre entreprise recherche: [\/vc_column_text][vc_empty_space][vc_row_inner content_placement=\u00a0\u00bbmiddle\u00a0\u00bb][vc_column_inner width=\u00a0\u00bb1\/2&Prime;][vc_column_text] Fiabilit\u00e9 et flexibilit\u00e9 dans la production de vos produits Une strat\u00e9gie pour \u00e9largir votre<span class=\"excerpt-hellip\"> [\u2026]<\/span><\/p>\n","protected":false},"author":1,"featured_media":795,"parent":0,"menu_order":0,"comment_status":"closed","ping_status":"closed","template":"","meta":{"footnotes":""},"class_list":["post-592","page","type-page","status-publish","has-post-thumbnail","hentry"],"yoast_head":"<!-- This site is optimized with the Yoast SEO plugin v24.8.1 - https:\/\/yoast.com\/wordpress\/plugins\/seo\/ -->\n<title>Production de sacs en cuir de haute qualit\u00e9 | Duegi Pelletterie<\/title>\n<meta name=\"description\" content=\"Artisanat, d\u00e9tails impeccables et production innovante : d\u00e9couvrez Duegi Pelletterie, le partenaire id\u00e9al pour des sacs en cuir de qualit\u00e9.\" \/>\n<meta name=\"robots\" content=\"index, follow, max-snippet:-1, max-image-preview:large, max-video-preview:-1\" \/>\n<link rel=\"canonical\" href=\"https:\/\/duegipelletterie.it\/fr\/\" \/>\n<meta property=\"og:locale\" content=\"fr_FR\" \/>\n<meta property=\"og:type\" content=\"article\" \/>\n<meta property=\"og:title\" content=\"Production de sacs en cuir de haute qualit\u00e9 | Duegi Pelletterie\" \/>\n<meta property=\"og:description\" content=\"Artisanat, d\u00e9tails impeccables et production innovante : d\u00e9couvrez Duegi Pelletterie, le partenaire id\u00e9al pour des sacs en cuir de qualit\u00e9.\" \/>\n<meta property=\"og:url\" content=\"https:\/\/duegipelletterie.it\/fr\/\" \/>\n<meta property=\"og:site_name\" content=\"Duegi Pelletterie\" \/>\n<meta property=\"article:modified_time\" content=\"2023-10-18T12:23:02+00:00\" \/>\n<meta property=\"og:image\" content=\"https:\/\/duegipelletterie.it\/wp-content\/uploads\/2023\/09\/borsa_rossa_2500.jpg\" \/>\n\t<meta property=\"og:image:width\" content=\"2500\" \/>\n\t<meta property=\"og:image:height\" content=\"1336\" \/>\n\t<meta property=\"og:image:type\" content=\"image\/jpeg\" \/>\n<meta name=\"twitter:card\" content=\"summary_large_image\" \/>\n<meta name=\"twitter:label1\" content=\"Dur\u00e9e de lecture estim\u00e9e\" \/>\n\t<meta name=\"twitter:data1\" content=\"1 minute\" \/>\n<script type=\"application\/ld+json\" class=\"yoast-schema-graph\">{\"@context\":\"https:\/\/schema.org\",\"@graph\":[{\"@type\":\"WebPage\",\"@id\":\"https:\/\/duegipelletterie.it\/fr\/\",\"url\":\"https:\/\/duegipelletterie.it\/fr\/\",\"name\":\"Production de sacs en cuir de haute qualit\u00e9 | Duegi Pelletterie\",\"isPartOf\":{\"@id\":\"https:\/\/duegipelletterie.it\/#website\"},\"primaryImageOfPage\":{\"@id\":\"https:\/\/duegipelletterie.it\/fr\/#primaryimage\"},\"image\":{\"@id\":\"https:\/\/duegipelletterie.it\/fr\/#primaryimage\"},\"thumbnailUrl\":\"https:\/\/duegipelletterie.it\/wp-content\/uploads\/2023\/09\/borsa_rossa_2500.jpg\",\"datePublished\":\"2023-10-13T09:38:16+00:00\",\"dateModified\":\"2023-10-18T12:23:02+00:00\",\"description\":\"Artisanat, d\u00e9tails impeccables et production innovante : d\u00e9couvrez Duegi Pelletterie, le partenaire id\u00e9al pour des sacs en cuir de qualit\u00e9.\",\"breadcrumb\":{\"@id\":\"https:\/\/duegipelletterie.it\/fr\/#breadcrumb\"},\"inLanguage\":\"fr-FR\",\"potentialAction\":[{\"@type\":\"ReadAction\",\"target\":[\"https:\/\/duegipelletterie.it\/fr\/\"]}]},{\"@type\":\"ImageObject\",\"inLanguage\":\"fr-FR\",\"@id\":\"https:\/\/duegipelletterie.it\/fr\/#primaryimage\",\"url\":\"https:\/\/duegipelletterie.it\/wp-content\/uploads\/2023\/09\/borsa_rossa_2500.jpg\",\"contentUrl\":\"https:\/\/duegipelletterie.it\/wp-content\/uploads\/2023\/09\/borsa_rossa_2500.jpg\",\"width\":2500,\"height\":1336},{\"@type\":\"BreadcrumbList\",\"@id\":\"https:\/\/duegipelletterie.it\/fr\/#breadcrumb\",\"itemListElement\":[{\"@type\":\"ListItem\",\"position\":1,\"name\":\"Home\",\"item\":\"https:\/\/duegipelletterie.it\/fr\/\"},{\"@type\":\"ListItem\",\"position\":2,\"name\":\"Home\"}]},{\"@type\":\"WebSite\",\"@id\":\"https:\/\/duegipelletterie.it\/#website\",\"url\":\"https:\/\/duegipelletterie.it\/\",\"name\":\"Duegi Pelletterie\",\"description\":\"Exclusive Leather Goods\",\"publisher\":{\"@id\":\"https:\/\/duegipelletterie.it\/#organization\"},\"potentialAction\":[{\"@type\":\"SearchAction\",\"target\":{\"@type\":\"EntryPoint\",\"urlTemplate\":\"https:\/\/duegipelletterie.it\/?s={search_term_string}\"},\"query-input\":{\"@type\":\"PropertyValueSpecification\",\"valueRequired\":true,\"valueName\":\"search_term_string\"}}],\"inLanguage\":\"fr-FR\"},{\"@type\":\"Organization\",\"@id\":\"https:\/\/duegipelletterie.it\/#organization\",\"name\":\"Duegi Pelletterie\",\"url\":\"https:\/\/duegipelletterie.it\/\",\"logo\":{\"@type\":\"ImageObject\",\"inLanguage\":\"fr-FR\",\"@id\":\"https:\/\/duegipelletterie.it\/#\/schema\/logo\/image\/\",\"url\":\"https:\/\/duegipelletterie.it\/wp-content\/uploads\/2020\/07\/logo_duegi_512.jpg\",\"contentUrl\":\"https:\/\/duegipelletterie.it\/wp-content\/uploads\/2020\/07\/logo_duegi_512.jpg\",\"width\":512,\"height\":512,\"caption\":\"Duegi Pelletterie\"},\"image\":{\"@id\":\"https:\/\/duegipelletterie.it\/#\/schema\/logo\/image\/\"}}]}<\/script>\n<!-- \/ Yoast SEO plugin. -->","yoast_head_json":{"title":"Production de sacs en cuir de haute qualit\u00e9 | Duegi Pelletterie","description":"Artisanat, d\u00e9tails impeccables et production innovante : d\u00e9couvrez Duegi Pelletterie, le partenaire id\u00e9al pour des sacs en cuir de qualit\u00e9.","robots":{"index":"index","follow":"follow","max-snippet":"max-snippet:-1","max-image-preview":"max-image-preview:large","max-video-preview":"max-video-preview:-1"},"canonical":"https:\/\/duegipelletterie.it\/fr\/","og_locale":"fr_FR","og_type":"article","og_title":"Production de sacs en cuir de haute qualit\u00e9 | Duegi Pelletterie","og_description":"Artisanat, d\u00e9tails impeccables et production innovante : d\u00e9couvrez Duegi Pelletterie, le partenaire id\u00e9al pour des sacs en cuir de qualit\u00e9.","og_url":"https:\/\/duegipelletterie.it\/fr\/","og_site_name":"Duegi Pelletterie","article_modified_time":"2023-10-18T12:23:02+00:00","og_image":[{"width":2500,"height":1336,"url":"https:\/\/duegipelletterie.it\/wp-content\/uploads\/2023\/09\/borsa_rossa_2500.jpg","type":"image\/jpeg"}],"twitter_card":"summary_large_image","twitter_misc":{"Dur\u00e9e de lecture estim\u00e9e":"1 minute"},"schema":{"@context":"https:\/\/schema.org","@graph":[{"@type":"WebPage","@id":"https:\/\/duegipelletterie.it\/fr\/","url":"https:\/\/duegipelletterie.it\/fr\/","name":"Production de sacs en cuir de haute qualit\u00e9 | Duegi Pelletterie","isPartOf":{"@id":"https:\/\/duegipelletterie.it\/#website"},"primaryImageOfPage":{"@id":"https:\/\/duegipelletterie.it\/fr\/#primaryimage"},"image":{"@id":"https:\/\/duegipelletterie.it\/fr\/#primaryimage"},"thumbnailUrl":"https:\/\/duegipelletterie.it\/wp-content\/uploads\/2023\/09\/borsa_rossa_2500.jpg","datePublished":"2023-10-13T09:38:16+00:00","dateModified":"2023-10-18T12:23:02+00:00","description":"Artisanat, d\u00e9tails impeccables et production innovante : d\u00e9couvrez Duegi Pelletterie, le partenaire id\u00e9al pour des sacs en cuir de qualit\u00e9.","breadcrumb":{"@id":"https:\/\/duegipelletterie.it\/fr\/#breadcrumb"},"inLanguage":"fr-FR","potentialAction":[{"@type":"ReadAction","target":["https:\/\/duegipelletterie.it\/fr\/"]}]},{"@type":"ImageObject","inLanguage":"fr-FR","@id":"https:\/\/duegipelletterie.it\/fr\/#primaryimage","url":"https:\/\/duegipelletterie.it\/wp-content\/uploads\/2023\/09\/borsa_rossa_2500.jpg","contentUrl":"https:\/\/duegipelletterie.it\/wp-content\/uploads\/2023\/09\/borsa_rossa_2500.jpg","width":2500,"height":1336},{"@type":"BreadcrumbList","@id":"https:\/\/duegipelletterie.it\/fr\/#breadcrumb","itemListElement":[{"@type":"ListItem","position":1,"name":"Home","item":"https:\/\/duegipelletterie.it\/fr\/"},{"@type":"ListItem","position":2,"name":"Home"}]},{"@type":"WebSite","@id":"https:\/\/duegipelletterie.it\/#website","url":"https:\/\/duegipelletterie.it\/","name":"Duegi Pelletterie","description":"Exclusive Leather Goods","publisher":{"@id":"https:\/\/duegipelletterie.it\/#organization"},"potentialAction":[{"@type":"SearchAction","target":{"@type":"EntryPoint","urlTemplate":"https:\/\/duegipelletterie.it\/?s={search_term_string}"},"query-input":{"@type":"PropertyValueSpecification","valueRequired":true,"valueName":"search_term_string"}}],"inLanguage":"fr-FR"},{"@type":"Organization","@id":"https:\/\/duegipelletterie.it\/#organization","name":"Duegi Pelletterie","url":"https:\/\/duegipelletterie.it\/","logo":{"@type":"ImageObject","inLanguage":"fr-FR","@id":"https:\/\/duegipelletterie.it\/#\/schema\/logo\/image\/","url":"https:\/\/duegipelletterie.it\/wp-content\/uploads\/2020\/07\/logo_duegi_512.jpg","contentUrl":"https:\/\/duegipelletterie.it\/wp-content\/uploads\/2020\/07\/logo_duegi_512.jpg","width":512,"height":512,"caption":"Duegi Pelletterie"},"image":{"@id":"https:\/\/duegipelletterie.it\/#\/schema\/logo\/image\/"}}]}},"_links":{"self":[{"href":"https:\/\/duegipelletterie.it\/fr\/wp-json\/wp\/v2\/pages\/592","targetHints":{"allow":["GET"]}}],"collection":[{"href":"https:\/\/duegipelletterie.it\/fr\/wp-json\/wp\/v2\/pages"}],"about":[{"href":"https:\/\/duegipelletterie.it\/fr\/wp-json\/wp\/v2\/types\/page"}],"author":[{"embeddable":true,"href":"https:\/\/duegipelletterie.it\/fr\/wp-json\/wp\/v2\/users\/1"}],"replies":[{"embeddable":true,"href":"https:\/\/duegipelletterie.it\/fr\/wp-json\/wp\/v2\/comments?post=592"}],"version-history":[{"count":4,"href":"https:\/\/duegipelletterie.it\/fr\/wp-json\/wp\/v2\/pages\/592\/revisions"}],"predecessor-version":[{"id":1005,"href":"https:\/\/duegipelletterie.it\/fr\/wp-json\/wp\/v2\/pages\/592\/revisions\/1005"}],"wp:featuredmedia":[{"embeddable":true,"href":"https:\/\/duegipelletterie.it\/fr\/wp-json\/wp\/v2\/media\/795"}],"wp:attachment":[{"href":"https:\/\/duegipelletterie.it\/fr\/wp-json\/wp\/v2\/media?parent=592"}],"curies":[{"name":"wp","href":"https:\/\/api.w.org\/{rel}","templated":true}]}}