{"id":596,"date":"2023-10-13T11:47:28","date_gmt":"2023-10-13T09:47:28","guid":{"rendered":"https:\/\/duegipelletterie.it\/?page_id=596"},"modified":"2023-10-19T15:27:40","modified_gmt":"2023-10-19T13:27:40","slug":"votre-partenaire","status":"publish","type":"page","link":"https:\/\/duegipelletterie.it\/fr\/votre-partenaire\/","title":{"rendered":"Votre partenaire"},"content":{"rendered":"<div class=\"wpb-content-wrapper\"><p>[vc_row full_width=\u00a0\u00bbstretch_row\u00a0\u00bb css=\u00a0\u00bb.vc_custom_1697040969210{background-color: #fbf2ea !important;}\u00a0\u00bb][vc_column][vc_empty_space height=\u00a0\u00bb50px\u00a0\u00bb][vc_row_inner content_placement=\u00a0\u00bbmiddle\u00a0\u00bb][vc_column_inner width=\u00a0\u00bb2\/3&Prime;][vc_column_text]<\/p>\n<h2><span style=\"color: #791724;\">Un partenaire de confiance<\/span><\/h2>\n<h3><span style=\"color: #791724;\">POUR LES MARQUES DE LUXE RENOMMEES DANS LE MONDE ENTIER<\/span><\/h3>\n<p>[\/vc_column_text][vc_empty_space][vc_column_text]Forte de plus de quatre d\u00e9cennies d\u2019exp\u00e9rience, Duegi Pelletterie est bas\u00e9e \u00e0 Nove, au c\u0153ur de la province de Vicence, une r\u00e9gion pour son <strong>r\u00f4le pr\u00e9pond\u00e9rant dans la fabrication de maroquinerie exceptionnelle<\/strong>.<\/p>\n<p>L\u2019entreprise est segment\u00e9e en <strong>plusieurs d\u00e9partements fonctionnels<\/strong> englobant la conception, la production, la logistique, ainsi que la gestion et les bureaux administratifs. Au sein de chacune de ces divisions, une \u00e9quipe d\u00e9vou\u00e9e de <strong>professionnels hautement qualifi\u00e9s<\/strong> se tient pr\u00eate \u00e0 r\u00e9pondre \u00e0 toute demande des clients.<\/p>\n<p>Gr\u00e2ce \u00e0 une croissance continue et en affinant ses processus commerciaux, l\u2019organisation a \u00e9t\u00e9 con\u00e7ue sur mesure pour la<strong> production sur commande de marques exclusives,<\/strong> garantissant la plus grande fiabilit\u00e9, et confidentialit\u00e9.<\/p>\n<p>Notre organisation et notre production est enti\u00e8rement \u00e9quip\u00e9 pour ex\u00e9cuter un <strong>\u00e9ventail diversifi\u00e9 de processus<\/strong>, tous caract\u00e9ris\u00e9s par un <strong>niveau de qualit\u00e9 exceptionnel<\/strong>. Cela nous permet de superviser toutes les facettes de la production, y compris le d\u00e9veloppement de nouveaux mod\u00e8les, de s\u00e9ries d\u2019\u00e9chantillons et de production en s\u00e9rie. Nous assurons :[\/vc_column_text][vc_empty_space][vc_column_text]<\/p>\n<ul>\n<li><span style=\"color: #791724;\"><strong>Assistance technique sp\u00e9cialis\u00e9e<\/strong><\/span><\/li>\n<li><span style=\"color: #791724;\"><strong>Estimations des co\u00fbts cibles<\/strong><\/span><\/li>\n<li><span style=\"color: #791724;\"><strong>Suivi de la budg\u00e9tisation, l\u2019approvisionnement et le contr\u00f4le de la qualit\u00e9 des mat\u00e9riaux.<\/strong><\/span><\/li>\n<li><span style=\"color: #791724;\"><strong>Suivi de l\u2019ensemble du processus, du d\u00e9but \u00e0 la fin.<\/strong><\/span><\/li>\n<li><span style=\"color: #791724;\"><strong>Logistique et administration de l\u2019ensemble du processus de production externalis\u00e9.<\/strong><\/span><\/li>\n<\/ul>\n<p>[\/vc_column_text][\/vc_column_inner][vc_column_inner width=\u00a0\u00bb1\/3&Prime;][vc_empty_space el_class=\u00a0\u00bbpadding-mobile\u00a0\u00bb][vc_single_image image=\u00a0\u00bb915&Prime; img_size=\u00a0\u00bbfull\u00a0\u00bb alignment=\u00a0\u00bbright\u00a0\u00bb css=\u00a0\u00bb.vc_custom_1697119496896{border-radius: 4px !important;}\u00a0\u00bb][vc_single_image image=\u00a0\u00bb704&Prime; img_size=\u00a0\u00bbfull\u00a0\u00bb alignment=\u00a0\u00bbright\u00a0\u00bb css=\u00a0\u00bb.vc_custom_1697119503568{border-radius: 4px !important;}\u00a0\u00bb][vc_single_image image=\u00a0\u00bb716&Prime; img_size=\u00a0\u00bbfull\u00a0\u00bb alignment=\u00a0\u00bbright\u00a0\u00bb css=\u00a0\u00bb.vc_custom_1697119511337{border-radius: 4px !important;}\u00a0\u00bb][\/vc_column_inner][\/vc_row_inner][vc_empty_space height=\u00a0\u00bb15px\u00a0\u00bb][vc_separator color=\u00a0\u00bbcustom\u00a0\u00bb style=\u00a0\u00bbdashed\u00a0\u00bb border_width=\u00a0\u00bb2&Prime; accent_color=\u00a0\u00bb#791724&Prime;][\/vc_column][\/vc_row][vc_row full_width=\u00a0\u00bbstretch_row\u00a0\u00bb css=\u00a0\u00bb.vc_custom_1697040975739{background-color: #fbf2ea !important;}\u00a0\u00bb][vc_column][vc_media_grid element_width=\u00a0\u00bb3&Prime; grid_id=\u00a0\u00bbvc_gid:1697722042188-501cecc2-d7b8-7&Prime; include=\u00a0\u00bb713,710,847,707&Prime;][vc_empty_space][\/vc_column][\/vc_row]<\/p>\n<\/div>","protected":false},"excerpt":{"rendered":"<p>[vc_row full_width=\u00a0\u00bbstretch_row\u00a0\u00bb css=\u00a0\u00bb.vc_custom_1697040969210{background-color: #fbf2ea !important;}\u00a0\u00bb][vc_column][vc_empty_space height=\u00a0\u00bb50px\u00a0\u00bb][vc_row_inner content_placement=\u00a0\u00bbmiddle\u00a0\u00bb][vc_column_inner width=\u00a0\u00bb2\/3&Prime;][vc_column_text] Un partenaire de confiance POUR LES MARQUES DE LUXE RENOMMEES DANS LE MONDE ENTIER [\/vc_column_text][vc_empty_space][vc_column_text]Forte de plus de<span class=\"excerpt-hellip\"> [\u2026]<\/span><\/p>\n","protected":false},"author":1,"featured_media":718,"parent":0,"menu_order":0,"comment_status":"closed","ping_status":"closed","template":"","meta":{"footnotes":""},"class_list":["post-596","page","type-page","status-publish","has-post-thumbnail","hentry"],"yoast_head":"<!-- This site is optimized with the Yoast SEO plugin v24.8.1 - https:\/\/yoast.com\/wordpress\/plugins\/seo\/ -->\n<title>Production d&#039;articles de maroquinerie de luxe | Duegi Pelletterie<\/title>\n<meta name=\"description\" content=\"Duegi est votre partenaire de confiance pour la production sur commandes de produits de maroquinerie de luxe.Qualit\u00e9 et comp\u00e9tence garanties.\" \/>\n<meta name=\"robots\" content=\"index, follow, max-snippet:-1, max-image-preview:large, max-video-preview:-1\" \/>\n<link rel=\"canonical\" href=\"https:\/\/duegipelletterie.it\/fr\/votre-partenaire\/\" \/>\n<meta property=\"og:locale\" content=\"fr_FR\" \/>\n<meta property=\"og:type\" content=\"article\" \/>\n<meta property=\"og:title\" content=\"Production d&#039;articles de maroquinerie de luxe | Duegi Pelletterie\" \/>\n<meta property=\"og:description\" content=\"Duegi est votre partenaire de confiance pour la production sur commandes de produits de maroquinerie de luxe.Qualit\u00e9 et comp\u00e9tence garanties.\" \/>\n<meta property=\"og:url\" content=\"https:\/\/duegipelletterie.it\/fr\/votre-partenaire\/\" \/>\n<meta property=\"og:site_name\" content=\"Duegi Pelletterie\" \/>\n<meta property=\"article:modified_time\" content=\"2023-10-19T13:27:40+00:00\" \/>\n<meta property=\"og:image\" content=\"https:\/\/duegipelletterie.it\/wp-content\/uploads\/2023\/09\/Duegi_studio_1500.jpg\" \/>\n\t<meta property=\"og:image:width\" content=\"1500\" \/>\n\t<meta property=\"og:image:height\" content=\"1000\" \/>\n\t<meta property=\"og:image:type\" content=\"image\/jpeg\" \/>\n<meta name=\"twitter:card\" content=\"summary_large_image\" \/>\n<meta name=\"twitter:label1\" content=\"Dur\u00e9e de lecture estim\u00e9e\" \/>\n\t<meta name=\"twitter:data1\" content=\"2 minutes\" \/>\n<script type=\"application\/ld+json\" class=\"yoast-schema-graph\">{\"@context\":\"https:\/\/schema.org\",\"@graph\":[{\"@type\":\"WebPage\",\"@id\":\"https:\/\/duegipelletterie.it\/fr\/votre-partenaire\/\",\"url\":\"https:\/\/duegipelletterie.it\/fr\/votre-partenaire\/\",\"name\":\"Production d'articles de maroquinerie de luxe | Duegi Pelletterie\",\"isPartOf\":{\"@id\":\"https:\/\/duegipelletterie.it\/#website\"},\"primaryImageOfPage\":{\"@id\":\"https:\/\/duegipelletterie.it\/fr\/votre-partenaire\/#primaryimage\"},\"image\":{\"@id\":\"https:\/\/duegipelletterie.it\/fr\/votre-partenaire\/#primaryimage\"},\"thumbnailUrl\":\"https:\/\/duegipelletterie.it\/wp-content\/uploads\/2023\/09\/Duegi_studio_1500.jpg\",\"datePublished\":\"2023-10-13T09:47:28+00:00\",\"dateModified\":\"2023-10-19T13:27:40+00:00\",\"description\":\"Duegi est votre partenaire de confiance pour la production sur commandes de produits de maroquinerie de luxe.Qualit\u00e9 et comp\u00e9tence garanties.\",\"breadcrumb\":{\"@id\":\"https:\/\/duegipelletterie.it\/fr\/votre-partenaire\/#breadcrumb\"},\"inLanguage\":\"fr-FR\",\"potentialAction\":[{\"@type\":\"ReadAction\",\"target\":[\"https:\/\/duegipelletterie.it\/fr\/votre-partenaire\/\"]}]},{\"@type\":\"ImageObject\",\"inLanguage\":\"fr-FR\",\"@id\":\"https:\/\/duegipelletterie.it\/fr\/votre-partenaire\/#primaryimage\",\"url\":\"https:\/\/duegipelletterie.it\/wp-content\/uploads\/2023\/09\/Duegi_studio_1500.jpg\",\"contentUrl\":\"https:\/\/duegipelletterie.it\/wp-content\/uploads\/2023\/09\/Duegi_studio_1500.jpg\",\"width\":1500,\"height\":1000},{\"@type\":\"BreadcrumbList\",\"@id\":\"https:\/\/duegipelletterie.it\/fr\/votre-partenaire\/#breadcrumb\",\"itemListElement\":[{\"@type\":\"ListItem\",\"position\":1,\"name\":\"Home\",\"item\":\"https:\/\/duegipelletterie.it\/fr\/\"},{\"@type\":\"ListItem\",\"position\":2,\"name\":\"Votre partenaire\"}]},{\"@type\":\"WebSite\",\"@id\":\"https:\/\/duegipelletterie.it\/#website\",\"url\":\"https:\/\/duegipelletterie.it\/\",\"name\":\"Duegi Pelletterie\",\"description\":\"Exclusive Leather Goods\",\"publisher\":{\"@id\":\"https:\/\/duegipelletterie.it\/#organization\"},\"potentialAction\":[{\"@type\":\"SearchAction\",\"target\":{\"@type\":\"EntryPoint\",\"urlTemplate\":\"https:\/\/duegipelletterie.it\/?s={search_term_string}\"},\"query-input\":{\"@type\":\"PropertyValueSpecification\",\"valueRequired\":true,\"valueName\":\"search_term_string\"}}],\"inLanguage\":\"fr-FR\"},{\"@type\":\"Organization\",\"@id\":\"https:\/\/duegipelletterie.it\/#organization\",\"name\":\"Duegi Pelletterie\",\"url\":\"https:\/\/duegipelletterie.it\/\",\"logo\":{\"@type\":\"ImageObject\",\"inLanguage\":\"fr-FR\",\"@id\":\"https:\/\/duegipelletterie.it\/#\/schema\/logo\/image\/\",\"url\":\"https:\/\/duegipelletterie.it\/wp-content\/uploads\/2020\/07\/logo_duegi_512.jpg\",\"contentUrl\":\"https:\/\/duegipelletterie.it\/wp-content\/uploads\/2020\/07\/logo_duegi_512.jpg\",\"width\":512,\"height\":512,\"caption\":\"Duegi Pelletterie\"},\"image\":{\"@id\":\"https:\/\/duegipelletterie.it\/#\/schema\/logo\/image\/\"}}]}<\/script>\n<!-- \/ Yoast SEO plugin. -->","yoast_head_json":{"title":"Production d'articles de maroquinerie de luxe | Duegi Pelletterie","description":"Duegi est votre partenaire de confiance pour la production sur commandes de produits de maroquinerie de luxe.Qualit\u00e9 et comp\u00e9tence garanties.","robots":{"index":"index","follow":"follow","max-snippet":"max-snippet:-1","max-image-preview":"max-image-preview:large","max-video-preview":"max-video-preview:-1"},"canonical":"https:\/\/duegipelletterie.it\/fr\/votre-partenaire\/","og_locale":"fr_FR","og_type":"article","og_title":"Production d'articles de maroquinerie de luxe | Duegi Pelletterie","og_description":"Duegi est votre partenaire de confiance pour la production sur commandes de produits de maroquinerie de luxe.Qualit\u00e9 et comp\u00e9tence garanties.","og_url":"https:\/\/duegipelletterie.it\/fr\/votre-partenaire\/","og_site_name":"Duegi Pelletterie","article_modified_time":"2023-10-19T13:27:40+00:00","og_image":[{"width":1500,"height":1000,"url":"https:\/\/duegipelletterie.it\/wp-content\/uploads\/2023\/09\/Duegi_studio_1500.jpg","type":"image\/jpeg"}],"twitter_card":"summary_large_image","twitter_misc":{"Dur\u00e9e de lecture estim\u00e9e":"2 minutes"},"schema":{"@context":"https:\/\/schema.org","@graph":[{"@type":"WebPage","@id":"https:\/\/duegipelletterie.it\/fr\/votre-partenaire\/","url":"https:\/\/duegipelletterie.it\/fr\/votre-partenaire\/","name":"Production d'articles de maroquinerie de luxe | Duegi Pelletterie","isPartOf":{"@id":"https:\/\/duegipelletterie.it\/#website"},"primaryImageOfPage":{"@id":"https:\/\/duegipelletterie.it\/fr\/votre-partenaire\/#primaryimage"},"image":{"@id":"https:\/\/duegipelletterie.it\/fr\/votre-partenaire\/#primaryimage"},"thumbnailUrl":"https:\/\/duegipelletterie.it\/wp-content\/uploads\/2023\/09\/Duegi_studio_1500.jpg","datePublished":"2023-10-13T09:47:28+00:00","dateModified":"2023-10-19T13:27:40+00:00","description":"Duegi est votre partenaire de confiance pour la production sur commandes de produits de maroquinerie de luxe.Qualit\u00e9 et comp\u00e9tence garanties.","breadcrumb":{"@id":"https:\/\/duegipelletterie.it\/fr\/votre-partenaire\/#breadcrumb"},"inLanguage":"fr-FR","potentialAction":[{"@type":"ReadAction","target":["https:\/\/duegipelletterie.it\/fr\/votre-partenaire\/"]}]},{"@type":"ImageObject","inLanguage":"fr-FR","@id":"https:\/\/duegipelletterie.it\/fr\/votre-partenaire\/#primaryimage","url":"https:\/\/duegipelletterie.it\/wp-content\/uploads\/2023\/09\/Duegi_studio_1500.jpg","contentUrl":"https:\/\/duegipelletterie.it\/wp-content\/uploads\/2023\/09\/Duegi_studio_1500.jpg","width":1500,"height":1000},{"@type":"BreadcrumbList","@id":"https:\/\/duegipelletterie.it\/fr\/votre-partenaire\/#breadcrumb","itemListElement":[{"@type":"ListItem","position":1,"name":"Home","item":"https:\/\/duegipelletterie.it\/fr\/"},{"@type":"ListItem","position":2,"name":"Votre partenaire"}]},{"@type":"WebSite","@id":"https:\/\/duegipelletterie.it\/#website","url":"https:\/\/duegipelletterie.it\/","name":"Duegi Pelletterie","description":"Exclusive Leather Goods","publisher":{"@id":"https:\/\/duegipelletterie.it\/#organization"},"potentialAction":[{"@type":"SearchAction","target":{"@type":"EntryPoint","urlTemplate":"https:\/\/duegipelletterie.it\/?s={search_term_string}"},"query-input":{"@type":"PropertyValueSpecification","valueRequired":true,"valueName":"search_term_string"}}],"inLanguage":"fr-FR"},{"@type":"Organization","@id":"https:\/\/duegipelletterie.it\/#organization","name":"Duegi Pelletterie","url":"https:\/\/duegipelletterie.it\/","logo":{"@type":"ImageObject","inLanguage":"fr-FR","@id":"https:\/\/duegipelletterie.it\/#\/schema\/logo\/image\/","url":"https:\/\/duegipelletterie.it\/wp-content\/uploads\/2020\/07\/logo_duegi_512.jpg","contentUrl":"https:\/\/duegipelletterie.it\/wp-content\/uploads\/2020\/07\/logo_duegi_512.jpg","width":512,"height":512,"caption":"Duegi Pelletterie"},"image":{"@id":"https:\/\/duegipelletterie.it\/#\/schema\/logo\/image\/"}}]}},"_links":{"self":[{"href":"https:\/\/duegipelletterie.it\/fr\/wp-json\/wp\/v2\/pages\/596","targetHints":{"allow":["GET"]}}],"collection":[{"href":"https:\/\/duegipelletterie.it\/fr\/wp-json\/wp\/v2\/pages"}],"about":[{"href":"https:\/\/duegipelletterie.it\/fr\/wp-json\/wp\/v2\/types\/page"}],"author":[{"embeddable":true,"href":"https:\/\/duegipelletterie.it\/fr\/wp-json\/wp\/v2\/users\/1"}],"replies":[{"embeddable":true,"href":"https:\/\/duegipelletterie.it\/fr\/wp-json\/wp\/v2\/comments?post=596"}],"version-history":[{"count":6,"href":"https:\/\/duegipelletterie.it\/fr\/wp-json\/wp\/v2\/pages\/596\/revisions"}],"predecessor-version":[{"id":1048,"href":"https:\/\/duegipelletterie.it\/fr\/wp-json\/wp\/v2\/pages\/596\/revisions\/1048"}],"wp:featuredmedia":[{"embeddable":true,"href":"https:\/\/duegipelletterie.it\/fr\/wp-json\/wp\/v2\/media\/718"}],"wp:attachment":[{"href":"https:\/\/duegipelletterie.it\/fr\/wp-json\/wp\/v2\/media?parent=596"}],"curies":[{"name":"wp","href":"https:\/\/api.w.org\/{rel}","templated":true}]}}