{"id":611,"date":"2023-10-13T12:20:12","date_gmt":"2023-10-13T10:20:12","guid":{"rendered":"https:\/\/duegipelletterie.it\/?page_id=611"},"modified":"2023-10-18T14:15:30","modified_gmt":"2023-10-18T12:15:30","slug":"contacts","status":"publish","type":"page","link":"https:\/\/duegipelletterie.it\/fr\/contacts\/","title":{"rendered":"Contacts"},"content":{"rendered":"<div class=\"wpb-content-wrapper\"><p>[vc_row full_width=\u00a0\u00bbstretch_row\u00a0\u00bb css=\u00a0\u00bb.vc_custom_1697213714858{background-color: #fbf2ea !important;}\u00a0\u00bb][vc_column][vc_empty_space height=\u00a0\u00bb50px\u00a0\u00bb][vc_column_text]<\/p>\n<h3 style=\"text-align: center;\"><span style=\"color: #791724;\">N\u2019H\u00c9SITEZ PAS \u00c0 NOUS CONTACTER POUR EXPLORER DE NOUVELLES OPPORTUNIT\u00c9S DE COLLABORATION, EN VUE D\u2019UN PARTENARIAT DURABLE ET UNE SATISFACTION MUTUELLE.<\/span><\/h3>\n<p>[\/vc_column_text][vc_empty_space][vc_single_image image=\u00a0\u00bb48&Prime; alignment=\u00a0\u00bbcenter\u00a0\u00bb][vc_empty_space][vc_row_inner css=\u00a0\u00bb.vc_custom_1697213720558{background-color: #fbf2ea !important;}\u00a0\u00bb][vc_column_inner el_class=\u00a0\u00bbp-grande\u00a0\u00bb width=\u00a0\u00bb1\/2&Prime;][vc_column_text]<\/p>\n<h4>DUEGI PELLETTERIE Srl<\/h4>\n<p>[\/vc_column_text][vc_empty_space][vc_column_text]Via A. Canova, 8<br \/>\n36055 Nove (VI) Italy[\/vc_column_text][vc_empty_space][vc_column_text]Tel. (+39) 0424 590008<br \/>\nFax (+39) 0424 827366[\/vc_column_text][vc_empty_space][vc_column_text]e-mail: <a href=\"mailto:info@duegipelletterie.it\">info@duegipelletterie.it<\/a><\/p>\n<p>www.duegipelletterie.it[\/vc_column_text][\/vc_column_inner][vc_column_inner width=\u00a0\u00bb1\/2&Prime;]\n<div class=\"wpcf7 no-js\" id=\"wpcf7-f470-o1\" lang=\"it-IT\" dir=\"ltr\" data-wpcf7-id=\"470\">\n<div class=\"screen-reader-response\"><p role=\"status\" aria-live=\"polite\" aria-atomic=\"true\"><\/p> <ul><\/ul><\/div>\n<form action=\"\/fr\/wp-json\/wp\/v2\/pages\/611#wpcf7-f470-o1\" method=\"post\" class=\"wpcf7-form init\" aria-label=\"Modulo di contatto\" novalidate=\"novalidate\" data-status=\"init\">\n<div style=\"display: none;\">\n<input type=\"hidden\" name=\"_wpcf7\" value=\"470\" \/>\n<input type=\"hidden\" name=\"_wpcf7_version\" value=\"6.0.5\" \/>\n<input type=\"hidden\" name=\"_wpcf7_locale\" value=\"it_IT\" \/>\n<input type=\"hidden\" name=\"_wpcf7_unit_tag\" value=\"wpcf7-f470-o1\" \/>\n<input type=\"hidden\" name=\"_wpcf7_container_post\" value=\"0\" \/>\n<input type=\"hidden\" name=\"_wpcf7_posted_data_hash\" value=\"\" \/>\n<input type=\"hidden\" name=\"_wpcf7_recaptcha_response\" value=\"\" \/>\n<\/div>\n<div class=\"column one\">\n\t<p><span class=\"wpcf7-form-control-wrap\" data-name=\"nome\"><input size=\"40\" maxlength=\"400\" class=\"wpcf7-form-control wpcf7-text wpcf7-validates-as-required\" aria-required=\"true\" aria-invalid=\"false\" placeholder=\"Nom*\" value=\"\" type=\"text\" name=\"nome\" \/><\/span>\n\t<\/p>\n<\/div>\n<div class=\"column one\">\n\t<p><span class=\"wpcf7-form-control-wrap\" data-name=\"email\"><input size=\"40\" maxlength=\"400\" class=\"wpcf7-form-control wpcf7-email wpcf7-validates-as-required wpcf7-text wpcf7-validates-as-email\" aria-required=\"true\" aria-invalid=\"false\" placeholder=\"E-mail*\" value=\"\" type=\"email\" name=\"email\" \/><\/span>\n\t<\/p>\n<\/div>\n<div class=\"column one\">\n\t<p><span class=\"wpcf7-form-control-wrap\" data-name=\"messaggio\"><textarea cols=\"40\" rows=\"10\" maxlength=\"2000\" class=\"wpcf7-form-control wpcf7-textarea\" aria-invalid=\"false\" placeholder=\"Message*\" name=\"messaggio\"><\/textarea><\/span>\n\t<\/p>\n<\/div>\n<div class=\"column one\">\n\t<p style=\"text-align: right;\">* Champs obligatoires\n\t<\/p>\n<\/div>\n<div class=\"column one-eight\">\n\t<p><span class=\"wpcf7-form-control-wrap\" data-name=\"accettazione\"><span class=\"wpcf7-form-control wpcf7-acceptance\"><span class=\"wpcf7-list-item\"><input type=\"checkbox\" name=\"accettazione\" value=\"1\" aria-invalid=\"false\" \/><\/span><\/span><\/span>\n\t<\/p>\n<\/div>\n<div class=\"column seven-eight\">\n\t<p>J\u2019ai pris connaissance de la <a href=\"\/privacy-policy\/\">note d\u2019information sur la confidentialit\u00e9<\/a>, j\u2019en ai compris le contenu et je donne mon consentement.\n\t<\/p>\n<\/div>\n<div class=\"column one\">\n\t<p><input class=\"wpcf7-form-control wpcf7-submit has-spinner\" type=\"submit\" value=\"Envoyer\" \/>\n\t<\/p>\n<\/div><div class=\"wpcf7-response-output\" aria-hidden=\"true\"><\/div>\n<\/form>\n<\/div>\n[\/vc_column_inner][\/vc_row_inner][\/vc_column][\/vc_row][vc_row full_width=\u00a0\u00bbstretch_row\u00a0\u00bb css=\u00a0\u00bb.vc_custom_1697213726559{background-color: #fbf2ea !important;}\u00a0\u00bb][vc_column][vc_empty_space height=\u00a0\u00bb8px\u00a0\u00bb][vc_gmaps link=\u00a0\u00bb#E-8_JTNDaWZyYW1lJTIwc3JjJTNEJTIyaHR0cHMlM0ElMkYlMkZ3d3cuZ29vZ2xlLmNvbSUyRm1hcHMlMkZlbWJlZCUzRnBiJTNEJTIxMW0xNCUyMTFtOCUyMTFtMyUyMTFkMTExNDMuNjE4OTMwNjU0NTYyJTIxMmQxMS42NzUxNjg0JTIxM2Q0NS43MTI5NDglMjEzbTIlMjExaTEwMjQlMjEyaTc2OCUyMTRmMTMuMSUyMTNtMyUyMTFtMiUyMTFzMHg0Nzc4ZDFkOTNlMDZiODRiJTI1M0EweDE5NTYyYzE5NzQzY2MxZDAlMjEyc0R1ZWdpJTI1MjBQZWxsZXR0ZXJpZSUyNTIwU3JsJTIxNWUwJTIxM20yJTIxMXNpdCUyMTJzaXQlMjE0djE2OTcwMzQ1MTY0OTUlMjE1bTIlMjExc2l0JTIxMnNpdCUyMiUyMHdpZHRoJTNEJTIyNjAwJTIyJTIwaGVpZ2h0JTNEJTIyNDUwJTIyJTIwZnJhbWVib3JkZXIlM0QlMjIwJTIyJTIwc3R5bGUlM0QlMjJib3JkZXIlM0EwJTIyJTIwYWxsb3dmdWxsc2NyZWVuJTNFJTNDJTJGaWZyYW1lJTNF\u00a0\u00bb][vc_empty_space][\/vc_column][\/vc_row]<\/p>\n<\/div>","protected":false},"excerpt":{"rendered":"<p>[vc_row full_width=\u00a0\u00bbstretch_row\u00a0\u00bb css=\u00a0\u00bb.vc_custom_1697213714858{background-color: #fbf2ea !important;}\u00a0\u00bb][vc_column][vc_empty_space height=\u00a0\u00bb50px\u00a0\u00bb][vc_column_text] N\u2019H\u00c9SITEZ PAS \u00c0 NOUS CONTACTER POUR EXPLORER DE NOUVELLES OPPORTUNIT\u00c9S DE COLLABORATION, EN VUE D\u2019UN PARTENARIAT DURABLE ET UNE SATISFACTION<span class=\"excerpt-hellip\"> [\u2026]<\/span><\/p>\n","protected":false},"author":1,"featured_media":712,"parent":0,"menu_order":0,"comment_status":"closed","ping_status":"closed","template":"","meta":{"footnotes":""},"class_list":["post-611","page","type-page","status-publish","has-post-thumbnail","hentry"],"yoast_head":"<!-- This site is optimized with the Yoast SEO plugin v24.8.1 - https:\/\/yoast.com\/wordpress\/plugins\/seo\/ -->\n<title>Contactez-nous. Une opportunit\u00e9 qui durera | Duegi Pelletterie<\/title>\n<meta name=\"description\" content=\"Nous visons des partenariats de longue dur\u00e9e et une satisfaction r\u00e9ciproque: prenez contact avec nous pour explorer de nouvelles possibilit\u00e9s de collaboration.\" \/>\n<meta name=\"robots\" content=\"index, follow, max-snippet:-1, max-image-preview:large, max-video-preview:-1\" \/>\n<link rel=\"canonical\" href=\"https:\/\/duegipelletterie.it\/fr\/contacts\/\" \/>\n<meta property=\"og:locale\" content=\"fr_FR\" \/>\n<meta property=\"og:type\" content=\"article\" \/>\n<meta property=\"og:title\" content=\"Contactez-nous. Une opportunit\u00e9 qui durera | Duegi Pelletterie\" \/>\n<meta property=\"og:description\" content=\"Nous visons des partenariats de longue dur\u00e9e et une satisfaction r\u00e9ciproque: prenez contact avec nous pour explorer de nouvelles possibilit\u00e9s de collaboration.\" \/>\n<meta property=\"og:url\" content=\"https:\/\/duegipelletterie.it\/fr\/contacts\/\" \/>\n<meta property=\"og:site_name\" content=\"Duegi Pelletterie\" \/>\n<meta property=\"article:modified_time\" content=\"2023-10-18T12:15:30+00:00\" \/>\n<meta property=\"og:image\" content=\"https:\/\/duegipelletterie.it\/wp-content\/uploads\/2023\/09\/Duegi_pelle_rossa_1500.jpg\" \/>\n\t<meta property=\"og:image:width\" content=\"1500\" \/>\n\t<meta property=\"og:image:height\" content=\"1125\" \/>\n\t<meta property=\"og:image:type\" content=\"image\/jpeg\" \/>\n<meta name=\"twitter:card\" content=\"summary_large_image\" \/>\n<meta name=\"twitter:label1\" content=\"Dur\u00e9e de lecture estim\u00e9e\" \/>\n\t<meta name=\"twitter:data1\" content=\"1 minute\" \/>\n<script type=\"application\/ld+json\" class=\"yoast-schema-graph\">{\"@context\":\"https:\/\/schema.org\",\"@graph\":[{\"@type\":\"WebPage\",\"@id\":\"https:\/\/duegipelletterie.it\/fr\/contacts\/\",\"url\":\"https:\/\/duegipelletterie.it\/fr\/contacts\/\",\"name\":\"Contactez-nous. Une opportunit\u00e9 qui durera | Duegi Pelletterie\",\"isPartOf\":{\"@id\":\"https:\/\/duegipelletterie.it\/#website\"},\"primaryImageOfPage\":{\"@id\":\"https:\/\/duegipelletterie.it\/fr\/contacts\/#primaryimage\"},\"image\":{\"@id\":\"https:\/\/duegipelletterie.it\/fr\/contacts\/#primaryimage\"},\"thumbnailUrl\":\"https:\/\/duegipelletterie.it\/wp-content\/uploads\/2023\/09\/Duegi_lavorazione_1500.jpg\",\"datePublished\":\"2023-10-13T10:20:12+00:00\",\"dateModified\":\"2023-10-18T12:15:30+00:00\",\"description\":\"Nous visons des partenariats de longue dur\u00e9e et une satisfaction r\u00e9ciproque: prenez contact avec nous pour explorer de nouvelles possibilit\u00e9s de collaboration.\",\"breadcrumb\":{\"@id\":\"https:\/\/duegipelletterie.it\/fr\/contacts\/#breadcrumb\"},\"inLanguage\":\"fr-FR\",\"potentialAction\":[{\"@type\":\"ReadAction\",\"target\":[\"https:\/\/duegipelletterie.it\/fr\/contacts\/\"]}]},{\"@type\":\"ImageObject\",\"inLanguage\":\"fr-FR\",\"@id\":\"https:\/\/duegipelletterie.it\/fr\/contacts\/#primaryimage\",\"url\":\"https:\/\/duegipelletterie.it\/wp-content\/uploads\/2023\/09\/Duegi_lavorazione_1500.jpg\",\"contentUrl\":\"https:\/\/duegipelletterie.it\/wp-content\/uploads\/2023\/09\/Duegi_lavorazione_1500.jpg\",\"width\":1500,\"height\":1001},{\"@type\":\"BreadcrumbList\",\"@id\":\"https:\/\/duegipelletterie.it\/fr\/contacts\/#breadcrumb\",\"itemListElement\":[{\"@type\":\"ListItem\",\"position\":1,\"name\":\"Home\",\"item\":\"https:\/\/duegipelletterie.it\/fr\/\"},{\"@type\":\"ListItem\",\"position\":2,\"name\":\"Contacts\"}]},{\"@type\":\"WebSite\",\"@id\":\"https:\/\/duegipelletterie.it\/#website\",\"url\":\"https:\/\/duegipelletterie.it\/\",\"name\":\"Duegi Pelletterie\",\"description\":\"Exclusive Leather Goods\",\"publisher\":{\"@id\":\"https:\/\/duegipelletterie.it\/#organization\"},\"potentialAction\":[{\"@type\":\"SearchAction\",\"target\":{\"@type\":\"EntryPoint\",\"urlTemplate\":\"https:\/\/duegipelletterie.it\/?s={search_term_string}\"},\"query-input\":{\"@type\":\"PropertyValueSpecification\",\"valueRequired\":true,\"valueName\":\"search_term_string\"}}],\"inLanguage\":\"fr-FR\"},{\"@type\":\"Organization\",\"@id\":\"https:\/\/duegipelletterie.it\/#organization\",\"name\":\"Duegi Pelletterie\",\"url\":\"https:\/\/duegipelletterie.it\/\",\"logo\":{\"@type\":\"ImageObject\",\"inLanguage\":\"fr-FR\",\"@id\":\"https:\/\/duegipelletterie.it\/#\/schema\/logo\/image\/\",\"url\":\"https:\/\/duegipelletterie.it\/wp-content\/uploads\/2020\/07\/logo_duegi_512.jpg\",\"contentUrl\":\"https:\/\/duegipelletterie.it\/wp-content\/uploads\/2020\/07\/logo_duegi_512.jpg\",\"width\":512,\"height\":512,\"caption\":\"Duegi Pelletterie\"},\"image\":{\"@id\":\"https:\/\/duegipelletterie.it\/#\/schema\/logo\/image\/\"}}]}<\/script>\n<!-- \/ Yoast SEO plugin. -->","yoast_head_json":{"title":"Contactez-nous. Une opportunit\u00e9 qui durera | Duegi Pelletterie","description":"Nous visons des partenariats de longue dur\u00e9e et une satisfaction r\u00e9ciproque: prenez contact avec nous pour explorer de nouvelles possibilit\u00e9s de collaboration.","robots":{"index":"index","follow":"follow","max-snippet":"max-snippet:-1","max-image-preview":"max-image-preview:large","max-video-preview":"max-video-preview:-1"},"canonical":"https:\/\/duegipelletterie.it\/fr\/contacts\/","og_locale":"fr_FR","og_type":"article","og_title":"Contactez-nous. Une opportunit\u00e9 qui durera | Duegi Pelletterie","og_description":"Nous visons des partenariats de longue dur\u00e9e et une satisfaction r\u00e9ciproque: prenez contact avec nous pour explorer de nouvelles possibilit\u00e9s de collaboration.","og_url":"https:\/\/duegipelletterie.it\/fr\/contacts\/","og_site_name":"Duegi Pelletterie","article_modified_time":"2023-10-18T12:15:30+00:00","og_image":[{"width":1500,"height":1125,"url":"https:\/\/duegipelletterie.it\/wp-content\/uploads\/2023\/09\/Duegi_pelle_rossa_1500.jpg","type":"image\/jpeg"}],"twitter_card":"summary_large_image","twitter_misc":{"Dur\u00e9e de lecture estim\u00e9e":"1 minute"},"schema":{"@context":"https:\/\/schema.org","@graph":[{"@type":"WebPage","@id":"https:\/\/duegipelletterie.it\/fr\/contacts\/","url":"https:\/\/duegipelletterie.it\/fr\/contacts\/","name":"Contactez-nous. Une opportunit\u00e9 qui durera | Duegi Pelletterie","isPartOf":{"@id":"https:\/\/duegipelletterie.it\/#website"},"primaryImageOfPage":{"@id":"https:\/\/duegipelletterie.it\/fr\/contacts\/#primaryimage"},"image":{"@id":"https:\/\/duegipelletterie.it\/fr\/contacts\/#primaryimage"},"thumbnailUrl":"https:\/\/duegipelletterie.it\/wp-content\/uploads\/2023\/09\/Duegi_lavorazione_1500.jpg","datePublished":"2023-10-13T10:20:12+00:00","dateModified":"2023-10-18T12:15:30+00:00","description":"Nous visons des partenariats de longue dur\u00e9e et une satisfaction r\u00e9ciproque: prenez contact avec nous pour explorer de nouvelles possibilit\u00e9s de collaboration.","breadcrumb":{"@id":"https:\/\/duegipelletterie.it\/fr\/contacts\/#breadcrumb"},"inLanguage":"fr-FR","potentialAction":[{"@type":"ReadAction","target":["https:\/\/duegipelletterie.it\/fr\/contacts\/"]}]},{"@type":"ImageObject","inLanguage":"fr-FR","@id":"https:\/\/duegipelletterie.it\/fr\/contacts\/#primaryimage","url":"https:\/\/duegipelletterie.it\/wp-content\/uploads\/2023\/09\/Duegi_lavorazione_1500.jpg","contentUrl":"https:\/\/duegipelletterie.it\/wp-content\/uploads\/2023\/09\/Duegi_lavorazione_1500.jpg","width":1500,"height":1001},{"@type":"BreadcrumbList","@id":"https:\/\/duegipelletterie.it\/fr\/contacts\/#breadcrumb","itemListElement":[{"@type":"ListItem","position":1,"name":"Home","item":"https:\/\/duegipelletterie.it\/fr\/"},{"@type":"ListItem","position":2,"name":"Contacts"}]},{"@type":"WebSite","@id":"https:\/\/duegipelletterie.it\/#website","url":"https:\/\/duegipelletterie.it\/","name":"Duegi Pelletterie","description":"Exclusive Leather Goods","publisher":{"@id":"https:\/\/duegipelletterie.it\/#organization"},"potentialAction":[{"@type":"SearchAction","target":{"@type":"EntryPoint","urlTemplate":"https:\/\/duegipelletterie.it\/?s={search_term_string}"},"query-input":{"@type":"PropertyValueSpecification","valueRequired":true,"valueName":"search_term_string"}}],"inLanguage":"fr-FR"},{"@type":"Organization","@id":"https:\/\/duegipelletterie.it\/#organization","name":"Duegi Pelletterie","url":"https:\/\/duegipelletterie.it\/","logo":{"@type":"ImageObject","inLanguage":"fr-FR","@id":"https:\/\/duegipelletterie.it\/#\/schema\/logo\/image\/","url":"https:\/\/duegipelletterie.it\/wp-content\/uploads\/2020\/07\/logo_duegi_512.jpg","contentUrl":"https:\/\/duegipelletterie.it\/wp-content\/uploads\/2020\/07\/logo_duegi_512.jpg","width":512,"height":512,"caption":"Duegi Pelletterie"},"image":{"@id":"https:\/\/duegipelletterie.it\/#\/schema\/logo\/image\/"}}]}},"_links":{"self":[{"href":"https:\/\/duegipelletterie.it\/fr\/wp-json\/wp\/v2\/pages\/611","targetHints":{"allow":["GET"]}}],"collection":[{"href":"https:\/\/duegipelletterie.it\/fr\/wp-json\/wp\/v2\/pages"}],"about":[{"href":"https:\/\/duegipelletterie.it\/fr\/wp-json\/wp\/v2\/types\/page"}],"author":[{"embeddable":true,"href":"https:\/\/duegipelletterie.it\/fr\/wp-json\/wp\/v2\/users\/1"}],"replies":[{"embeddable":true,"href":"https:\/\/duegipelletterie.it\/fr\/wp-json\/wp\/v2\/comments?post=611"}],"version-history":[{"count":9,"href":"https:\/\/duegipelletterie.it\/fr\/wp-json\/wp\/v2\/pages\/611\/revisions"}],"predecessor-version":[{"id":1034,"href":"https:\/\/duegipelletterie.it\/fr\/wp-json\/wp\/v2\/pages\/611\/revisions\/1034"}],"wp:featuredmedia":[{"embeddable":true,"href":"https:\/\/duegipelletterie.it\/fr\/wp-json\/wp\/v2\/media\/712"}],"wp:attachment":[{"href":"https:\/\/duegipelletterie.it\/fr\/wp-json\/wp\/v2\/media?parent=611"}],"curies":[{"name":"wp","href":"https:\/\/api.w.org\/{rel}","templated":true}]}}