{"id":636,"date":"2023-10-13T12:15:06","date_gmt":"2023-10-13T10:15:06","guid":{"rendered":"https:\/\/duegipelletterie.it\/?page_id=636"},"modified":"2023-10-18T14:18:34","modified_gmt":"2023-10-18T12:18:34","slug":"creation-fabrication","status":"publish","type":"page","link":"https:\/\/duegipelletterie.it\/fr\/creation-fabrication\/","title":{"rendered":"Cr\u00e9ation et fabrication"},"content":{"rendered":"<div class=\"wpb-content-wrapper\"><p>[vc_row full_width=\u00a0\u00bbstretch_row\u00a0\u00bb css=\u00a0\u00bb.vc_custom_1697040793235{background-color: #fbf2ea !important;}\u00a0\u00bb el_id=\u00a0\u00bbprogettazione\u00a0\u00bb][vc_column][vc_empty_space height=\u00a0\u00bb50px\u00a0\u00bb][vc_column_text]<\/p>\n<h2 style=\"text-align: center;\"><span style=\"color: #791724;\">La conception<\/span><\/h2>\n<h3 style=\"text-align: center;\"><span style=\"color: #791724;\">DE L\u2019ID\u00c9E AU PROTOTYPE<\/span><\/h3>\n<p>[\/vc_column_text][\/vc_column][\/vc_row][vc_row full_width=\u00a0\u00bbstretch_row\u00a0\u00bb equal_height=\u00a0\u00bbyes\u00a0\u00bb content_placement=\u00a0\u00bbmiddle\u00a0\u00bb css=\u00a0\u00bb.vc_custom_1697040798627{background-color: #fbf2ea !important;}\u00a0\u00bb][vc_column width=\u00a0\u00bb1\/2&Prime;][vc_column_text]En harmonie constante avec les <strong>tendances \u00e9mergentes de l\u2019industrie<\/strong>, nous sommes toujours \u00e0 la recherche de styles dernier cri qui s\u2019inspirent de l\u2019\u00e9volution constante de la mode.[\/vc_column_text][vc_column_text]Nos experts sont capables de concevoir et de cr\u00e9er de <strong>nouveaux designs<\/strong> tout en respectant les exigences sp\u00e9cifiques de nos clients.[\/vc_column_text][vc_column_text]Gr\u00e2ce \u00e0 nos connaissances industrielles et \u00e0 notre savoir technique, nous pouvons apporter un <strong>soutien<\/strong> compl\u00e9mentaire au travail des cr\u00e9ateurs qu\u2019ils ont choisis. Dans notre d\u00e9partement de <strong>mod\u00e9lisation<\/strong>, chaque petit d\u00e9tail est pris en compte pour assurer une interpr\u00e9tation fid\u00e8le du projet.[\/vc_column_text][vc_column_text]Lors de la cr\u00e9ation d\u2019\u00e9chantillons et de prototypes, nous effectuons une <strong>analyse approfondie<\/strong> du rendement des mat\u00e9riaux et des processus de production.[\/vc_column_text][\/vc_column][vc_column width=\u00a0\u00bb1\/2&Prime;][vc_images_carousel images=\u00a0\u00bb435,441,408,411,873,876&Prime; img_size=\u00a0\u00bbfull\u00a0\u00bb onclick=\u00a0\u00bblink_no\u00a0\u00bb speed=\u00a0\u00bb3000&Prime; autoplay=\u00a0\u00bbyes\u00a0\u00bb hide_prev_next_buttons=\u00a0\u00bbyes\u00a0\u00bb wrap=\u00a0\u00bbyes\u00a0\u00bb css=\u00a0\u00bb.vc_custom_1697037297859{border-radius: 4px !important;}\u00a0\u00bb][\/vc_column][\/vc_row][vc_row full_width=\u00a0\u00bbstretch_row\u00a0\u00bb css=\u00a0\u00bb.vc_custom_1697040803759{margin-bottom: 0px !important;border-bottom-width: 0px !important;padding-bottom: 0px !important;background-color: #fbf2ea !important;}\u00a0\u00bb][vc_column][vc_separator color=\u00a0\u00bbcustom\u00a0\u00bb style=\u00a0\u00bbdashed\u00a0\u00bb border_width=\u00a0\u00bb2&Prime; accent_color=\u00a0\u00bb#791724&Prime;][vc_empty_space][vc_media_grid element_width=\u00a0\u00bb3&Prime; grid_id=\u00a0\u00bbvc_gid:1697631471291-d0b18cb2-4c78-4&Prime; include=\u00a0\u00bb754,751,742,745&Prime;][vc_empty_space][\/vc_column][\/vc_row]<\/p>\n<\/div>","protected":false},"excerpt":{"rendered":"<p>[vc_row full_width=\u00a0\u00bbstretch_row\u00a0\u00bb css=\u00a0\u00bb.vc_custom_1697040793235{background-color: #fbf2ea !important;}\u00a0\u00bb el_id=\u00a0\u00bbprogettazione\u00a0\u00bb][vc_column][vc_empty_space height=\u00a0\u00bb50px\u00a0\u00bb][vc_column_text] La conception DE L\u2019ID\u00c9E AU PROTOTYPE [\/vc_column_text][\/vc_column][\/vc_row][vc_row full_width=\u00a0\u00bbstretch_row\u00a0\u00bb equal_height=\u00a0\u00bbyes\u00a0\u00bb content_placement=\u00a0\u00bbmiddle\u00a0\u00bb css=\u00a0\u00bb.vc_custom_1697040798627{background-color: #fbf2ea !important;}\u00a0\u00bb][vc_column width=\u00a0\u00bb1\/2&Prime;][vc_column_text]En harmonie constante avec les tendances<span class=\"excerpt-hellip\"> [\u2026]<\/span><\/p>\n","protected":false},"author":1,"featured_media":753,"parent":0,"menu_order":0,"comment_status":"closed","ping_status":"closed","template":"","meta":{"footnotes":""},"class_list":["post-636","page","type-page","status-publish","has-post-thumbnail","hentry"],"yoast_head":"<!-- This site is optimized with the Yoast SEO plugin v24.8.1 - https:\/\/yoast.com\/wordpress\/plugins\/seo\/ -->\n<title>Fabrication de sacs en cuir de la cr\u00e9ation \u00e0 la fabrication<\/title>\n<meta name=\"description\" content=\"D\u00e9couvrez le processus de fabrication des sacs en cuir chez Duegi Pelletterie, de la cr\u00e9ation du design \u00e0 l&#039;analyse des mat\u00e9riaux et des prototypes.\" \/>\n<meta name=\"robots\" content=\"index, follow, max-snippet:-1, max-image-preview:large, max-video-preview:-1\" \/>\n<link rel=\"canonical\" href=\"https:\/\/duegipelletterie.it\/fr\/creation-fabrication\/\" \/>\n<meta property=\"og:locale\" content=\"fr_FR\" \/>\n<meta property=\"og:type\" content=\"article\" \/>\n<meta property=\"og:title\" content=\"Fabrication de sacs en cuir de la cr\u00e9ation \u00e0 la fabrication\" \/>\n<meta property=\"og:description\" content=\"D\u00e9couvrez le processus de fabrication des sacs en cuir chez Duegi Pelletterie, de la cr\u00e9ation du design \u00e0 l&#039;analyse des mat\u00e9riaux et des prototypes.\" \/>\n<meta property=\"og:url\" content=\"https:\/\/duegipelletterie.it\/fr\/creation-fabrication\/\" \/>\n<meta property=\"og:site_name\" content=\"Duegi Pelletterie\" \/>\n<meta property=\"article:modified_time\" content=\"2023-10-18T12:18:34+00:00\" \/>\n<meta property=\"og:image\" content=\"https:\/\/duegipelletterie.it\/wp-content\/uploads\/2023\/09\/Duegi_uomo_in_progettazione_1500.jpg\" \/>\n\t<meta property=\"og:image:width\" content=\"1500\" \/>\n\t<meta property=\"og:image:height\" content=\"1000\" \/>\n\t<meta property=\"og:image:type\" content=\"image\/jpeg\" \/>\n<meta name=\"twitter:card\" content=\"summary_large_image\" \/>\n<meta name=\"twitter:label1\" content=\"Dur\u00e9e de lecture estim\u00e9e\" \/>\n\t<meta name=\"twitter:data1\" content=\"1 minute\" \/>\n<script type=\"application\/ld+json\" class=\"yoast-schema-graph\">{\"@context\":\"https:\/\/schema.org\",\"@graph\":[{\"@type\":\"WebPage\",\"@id\":\"https:\/\/duegipelletterie.it\/fr\/creation-fabrication\/\",\"url\":\"https:\/\/duegipelletterie.it\/fr\/creation-fabrication\/\",\"name\":\"Fabrication de sacs en cuir de la cr\u00e9ation \u00e0 la fabrication\",\"isPartOf\":{\"@id\":\"https:\/\/duegipelletterie.it\/#website\"},\"primaryImageOfPage\":{\"@id\":\"https:\/\/duegipelletterie.it\/fr\/creation-fabrication\/#primaryimage\"},\"image\":{\"@id\":\"https:\/\/duegipelletterie.it\/fr\/creation-fabrication\/#primaryimage\"},\"thumbnailUrl\":\"https:\/\/duegipelletterie.it\/wp-content\/uploads\/2023\/09\/Duegi_lavorazione_componente_borsa_1500.jpg\",\"datePublished\":\"2023-10-13T10:15:06+00:00\",\"dateModified\":\"2023-10-18T12:18:34+00:00\",\"description\":\"D\u00e9couvrez le processus de fabrication des sacs en cuir chez Duegi Pelletterie, de la cr\u00e9ation du design \u00e0 l'analyse des mat\u00e9riaux et des prototypes.\",\"breadcrumb\":{\"@id\":\"https:\/\/duegipelletterie.it\/fr\/creation-fabrication\/#breadcrumb\"},\"inLanguage\":\"fr-FR\",\"potentialAction\":[{\"@type\":\"ReadAction\",\"target\":[\"https:\/\/duegipelletterie.it\/fr\/creation-fabrication\/\"]}]},{\"@type\":\"ImageObject\",\"inLanguage\":\"fr-FR\",\"@id\":\"https:\/\/duegipelletterie.it\/fr\/creation-fabrication\/#primaryimage\",\"url\":\"https:\/\/duegipelletterie.it\/wp-content\/uploads\/2023\/09\/Duegi_lavorazione_componente_borsa_1500.jpg\",\"contentUrl\":\"https:\/\/duegipelletterie.it\/wp-content\/uploads\/2023\/09\/Duegi_lavorazione_componente_borsa_1500.jpg\",\"width\":1500,\"height\":1000},{\"@type\":\"BreadcrumbList\",\"@id\":\"https:\/\/duegipelletterie.it\/fr\/creation-fabrication\/#breadcrumb\",\"itemListElement\":[{\"@type\":\"ListItem\",\"position\":1,\"name\":\"Home\",\"item\":\"https:\/\/duegipelletterie.it\/fr\/\"},{\"@type\":\"ListItem\",\"position\":2,\"name\":\"Cr\u00e9ation et fabrication\"}]},{\"@type\":\"WebSite\",\"@id\":\"https:\/\/duegipelletterie.it\/#website\",\"url\":\"https:\/\/duegipelletterie.it\/\",\"name\":\"Duegi Pelletterie\",\"description\":\"Exclusive Leather Goods\",\"publisher\":{\"@id\":\"https:\/\/duegipelletterie.it\/#organization\"},\"potentialAction\":[{\"@type\":\"SearchAction\",\"target\":{\"@type\":\"EntryPoint\",\"urlTemplate\":\"https:\/\/duegipelletterie.it\/?s={search_term_string}\"},\"query-input\":{\"@type\":\"PropertyValueSpecification\",\"valueRequired\":true,\"valueName\":\"search_term_string\"}}],\"inLanguage\":\"fr-FR\"},{\"@type\":\"Organization\",\"@id\":\"https:\/\/duegipelletterie.it\/#organization\",\"name\":\"Duegi Pelletterie\",\"url\":\"https:\/\/duegipelletterie.it\/\",\"logo\":{\"@type\":\"ImageObject\",\"inLanguage\":\"fr-FR\",\"@id\":\"https:\/\/duegipelletterie.it\/#\/schema\/logo\/image\/\",\"url\":\"https:\/\/duegipelletterie.it\/wp-content\/uploads\/2020\/07\/logo_duegi_512.jpg\",\"contentUrl\":\"https:\/\/duegipelletterie.it\/wp-content\/uploads\/2020\/07\/logo_duegi_512.jpg\",\"width\":512,\"height\":512,\"caption\":\"Duegi Pelletterie\"},\"image\":{\"@id\":\"https:\/\/duegipelletterie.it\/#\/schema\/logo\/image\/\"}}]}<\/script>\n<!-- \/ Yoast SEO plugin. -->","yoast_head_json":{"title":"Fabrication de sacs en cuir de la cr\u00e9ation \u00e0 la fabrication","description":"D\u00e9couvrez le processus de fabrication des sacs en cuir chez Duegi Pelletterie, de la cr\u00e9ation du design \u00e0 l'analyse des mat\u00e9riaux et des prototypes.","robots":{"index":"index","follow":"follow","max-snippet":"max-snippet:-1","max-image-preview":"max-image-preview:large","max-video-preview":"max-video-preview:-1"},"canonical":"https:\/\/duegipelletterie.it\/fr\/creation-fabrication\/","og_locale":"fr_FR","og_type":"article","og_title":"Fabrication de sacs en cuir de la cr\u00e9ation \u00e0 la fabrication","og_description":"D\u00e9couvrez le processus de fabrication des sacs en cuir chez Duegi Pelletterie, de la cr\u00e9ation du design \u00e0 l'analyse des mat\u00e9riaux et des prototypes.","og_url":"https:\/\/duegipelletterie.it\/fr\/creation-fabrication\/","og_site_name":"Duegi Pelletterie","article_modified_time":"2023-10-18T12:18:34+00:00","og_image":[{"width":1500,"height":1000,"url":"https:\/\/duegipelletterie.it\/wp-content\/uploads\/2023\/09\/Duegi_uomo_in_progettazione_1500.jpg","type":"image\/jpeg"}],"twitter_card":"summary_large_image","twitter_misc":{"Dur\u00e9e de lecture estim\u00e9e":"1 minute"},"schema":{"@context":"https:\/\/schema.org","@graph":[{"@type":"WebPage","@id":"https:\/\/duegipelletterie.it\/fr\/creation-fabrication\/","url":"https:\/\/duegipelletterie.it\/fr\/creation-fabrication\/","name":"Fabrication de sacs en cuir de la cr\u00e9ation \u00e0 la fabrication","isPartOf":{"@id":"https:\/\/duegipelletterie.it\/#website"},"primaryImageOfPage":{"@id":"https:\/\/duegipelletterie.it\/fr\/creation-fabrication\/#primaryimage"},"image":{"@id":"https:\/\/duegipelletterie.it\/fr\/creation-fabrication\/#primaryimage"},"thumbnailUrl":"https:\/\/duegipelletterie.it\/wp-content\/uploads\/2023\/09\/Duegi_lavorazione_componente_borsa_1500.jpg","datePublished":"2023-10-13T10:15:06+00:00","dateModified":"2023-10-18T12:18:34+00:00","description":"D\u00e9couvrez le processus de fabrication des sacs en cuir chez Duegi Pelletterie, de la cr\u00e9ation du design \u00e0 l'analyse des mat\u00e9riaux et des prototypes.","breadcrumb":{"@id":"https:\/\/duegipelletterie.it\/fr\/creation-fabrication\/#breadcrumb"},"inLanguage":"fr-FR","potentialAction":[{"@type":"ReadAction","target":["https:\/\/duegipelletterie.it\/fr\/creation-fabrication\/"]}]},{"@type":"ImageObject","inLanguage":"fr-FR","@id":"https:\/\/duegipelletterie.it\/fr\/creation-fabrication\/#primaryimage","url":"https:\/\/duegipelletterie.it\/wp-content\/uploads\/2023\/09\/Duegi_lavorazione_componente_borsa_1500.jpg","contentUrl":"https:\/\/duegipelletterie.it\/wp-content\/uploads\/2023\/09\/Duegi_lavorazione_componente_borsa_1500.jpg","width":1500,"height":1000},{"@type":"BreadcrumbList","@id":"https:\/\/duegipelletterie.it\/fr\/creation-fabrication\/#breadcrumb","itemListElement":[{"@type":"ListItem","position":1,"name":"Home","item":"https:\/\/duegipelletterie.it\/fr\/"},{"@type":"ListItem","position":2,"name":"Cr\u00e9ation et fabrication"}]},{"@type":"WebSite","@id":"https:\/\/duegipelletterie.it\/#website","url":"https:\/\/duegipelletterie.it\/","name":"Duegi Pelletterie","description":"Exclusive Leather Goods","publisher":{"@id":"https:\/\/duegipelletterie.it\/#organization"},"potentialAction":[{"@type":"SearchAction","target":{"@type":"EntryPoint","urlTemplate":"https:\/\/duegipelletterie.it\/?s={search_term_string}"},"query-input":{"@type":"PropertyValueSpecification","valueRequired":true,"valueName":"search_term_string"}}],"inLanguage":"fr-FR"},{"@type":"Organization","@id":"https:\/\/duegipelletterie.it\/#organization","name":"Duegi Pelletterie","url":"https:\/\/duegipelletterie.it\/","logo":{"@type":"ImageObject","inLanguage":"fr-FR","@id":"https:\/\/duegipelletterie.it\/#\/schema\/logo\/image\/","url":"https:\/\/duegipelletterie.it\/wp-content\/uploads\/2020\/07\/logo_duegi_512.jpg","contentUrl":"https:\/\/duegipelletterie.it\/wp-content\/uploads\/2020\/07\/logo_duegi_512.jpg","width":512,"height":512,"caption":"Duegi Pelletterie"},"image":{"@id":"https:\/\/duegipelletterie.it\/#\/schema\/logo\/image\/"}}]}},"_links":{"self":[{"href":"https:\/\/duegipelletterie.it\/fr\/wp-json\/wp\/v2\/pages\/636","targetHints":{"allow":["GET"]}}],"collection":[{"href":"https:\/\/duegipelletterie.it\/fr\/wp-json\/wp\/v2\/pages"}],"about":[{"href":"https:\/\/duegipelletterie.it\/fr\/wp-json\/wp\/v2\/types\/page"}],"author":[{"embeddable":true,"href":"https:\/\/duegipelletterie.it\/fr\/wp-json\/wp\/v2\/users\/1"}],"replies":[{"embeddable":true,"href":"https:\/\/duegipelletterie.it\/fr\/wp-json\/wp\/v2\/comments?post=636"}],"version-history":[{"count":6,"href":"https:\/\/duegipelletterie.it\/fr\/wp-json\/wp\/v2\/pages\/636\/revisions"}],"predecessor-version":[{"id":1039,"href":"https:\/\/duegipelletterie.it\/fr\/wp-json\/wp\/v2\/pages\/636\/revisions\/1039"}],"wp:featuredmedia":[{"embeddable":true,"href":"https:\/\/duegipelletterie.it\/fr\/wp-json\/wp\/v2\/media\/753"}],"wp:attachment":[{"href":"https:\/\/duegipelletterie.it\/fr\/wp-json\/wp\/v2\/media?parent=636"}],"curies":[{"name":"wp","href":"https:\/\/api.w.org\/{rel}","templated":true}]}}