{"id":648,"date":"2023-10-13T11:56:37","date_gmt":"2023-10-13T09:56:37","guid":{"rendered":"https:\/\/duegipelletterie.it\/?page_id=648"},"modified":"2023-10-19T15:31:31","modified_gmt":"2023-10-19T13:31:31","slug":"nos-points-forts","status":"publish","type":"page","link":"https:\/\/duegipelletterie.it\/fr\/nos-points-forts\/","title":{"rendered":"Nos points forts"},"content":{"rendered":"<div class=\"wpb-content-wrapper\"><p>[vc_row full_width=\u00a0\u00bbstretch_row\u00a0\u00bb css=\u00a0\u00bb.vc_custom_1697213248300{background-color: #fbf2ea !important;}\u00a0\u00bb el_id=\u00a0\u00bbpunti-forza\u00a0\u00bb][vc_column][vc_empty_space height=\u00a0\u00bb50px\u00a0\u00bb][vc_column_text]<\/p>\n<h2><span style=\"color: #791724;\">Les \u00e9l\u00e9ments essentiels qui contribuent \u00e0 notre succ\u00e8s<\/span><\/h2>\n<h3><span style=\"color: #791724;\">SONT A VOTRE DISPOSITION<\/span><\/h3>\n<p>[\/vc_column_text][\/vc_column][\/vc_row][vc_row full_width=\u00a0\u00bbstretch_row\u00a0\u00bb content_placement=\u00a0\u00bbmiddle\u00a0\u00bb css=\u00a0\u00bb.vc_custom_1697213254166{background-color: #fbf2ea !important;}\u00a0\u00bb][vc_column width=\u00a0\u00bb1\/2&Prime;][vc_row_inner content_placement=\u00a0\u00bbmiddle\u00a0\u00bb][vc_column_inner width=\u00a0\u00bb1\/5&Prime; offset=\u00a0\u00bbvc_col-xs-4&Prime;][vc_single_image image=\u00a0\u00bb23&Prime; img_size=\u00a0\u00bb90&#215;90&Prime;][\/vc_column_inner][vc_column_inner width=\u00a0\u00bb4\/5&Prime; offset=\u00a0\u00bbvc_col-xs-8&Prime;][vc_column_text]<span style=\"color: #791724;\">Des lignes de production dot\u00e9es d\u2019une capacit\u00e9 d\u2019organisation compl\u00e8tement adaptables aux diff\u00e9rentes cat\u00e9gories de produits.<\/span>[\/vc_column_text][\/vc_column_inner][\/vc_row_inner][vc_row_inner content_placement=\u00a0\u00bbmiddle\u00a0\u00bb][vc_column_inner width=\u00a0\u00bb1\/5&Prime; offset=\u00a0\u00bbvc_col-xs-4&Prime;][vc_single_image image=\u00a0\u00bb185&Prime; img_size=\u00a0\u00bb90&#215;90&Prime;][\/vc_column_inner][vc_column_inner width=\u00a0\u00bb4\/5&Prime; offset=\u00a0\u00bbvc_col-xs-8&Prime;][vc_column_text]<span style=\"color: #791724;\">Un profond savoir-faire de nos artisans chevronn\u00e9s.<\/span>[\/vc_column_text][\/vc_column_inner][\/vc_row_inner][vc_row_inner content_placement=\u00a0\u00bbmiddle\u00a0\u00bb][vc_column_inner width=\u00a0\u00bb1\/5&Prime; offset=\u00a0\u00bbvc_col-xs-4&Prime;][vc_single_image image=\u00a0\u00bb186&Prime; img_size=\u00a0\u00bb90&#215;90&Prime;][\/vc_column_inner][vc_column_inner width=\u00a0\u00bb4\/5&Prime; offset=\u00a0\u00bbvc_col-xs-8&Prime;][vc_column_text]<span style=\"color: #791724;\">Comp\u00e9tence dans la concr\u00e9tisation et r\u00e9alisation de produits complexes.<\/span>[\/vc_column_text][\/vc_column_inner][\/vc_row_inner][vc_row_inner content_placement=\u00a0\u00bbmiddle\u00a0\u00bb][vc_column_inner width=\u00a0\u00bb1\/5&Prime; offset=\u00a0\u00bbvc_col-xs-4&Prime;][vc_single_image image=\u00a0\u00bb184&Prime; img_size=\u00a0\u00bb90&#215;90&Prime;][\/vc_column_inner][vc_column_inner width=\u00a0\u00bb4\/5&Prime; offset=\u00a0\u00bbvc_col-xs-8&Prime;][vc_column_text]<span style=\"color: #791724;\">Un engagement ferme \u00e0 assurer le contr\u00f4le de la qualit\u00e9 \u00e0 un niveau \u00e9lev\u00e9.<\/span>[\/vc_column_text][\/vc_column_inner][\/vc_row_inner][\/vc_column][vc_column width=\u00a0\u00bb1\/2&Prime;][vc_images_carousel images=\u00a0\u00bb852,868,858,864&Prime; img_size=\u00a0\u00bbfull\u00a0\u00bb onclick=\u00a0\u00bblink_no\u00a0\u00bb speed=\u00a0\u00bb3000&Prime; autoplay=\u00a0\u00bbyes\u00a0\u00bb hide_prev_next_buttons=\u00a0\u00bbyes\u00a0\u00bb wrap=\u00a0\u00bbyes\u00a0\u00bb css=\u00a0\u00bb.vc_custom_1697036762703{border-radius: 4px !important;}\u00a0\u00bb][\/vc_column][\/vc_row][vc_row full_width=\u00a0\u00bbstretch_row\u00a0\u00bb content_placement=\u00a0\u00bbmiddle\u00a0\u00bb css=\u00a0\u00bb.vc_custom_1697213260492{background-color: #fbf2ea !important;}\u00a0\u00bb][vc_column][vc_empty_space height=\u00a0\u00bb5px\u00a0\u00bb][\/vc_column][\/vc_row][vc_row full_width=\u00a0\u00bbstretch_row\u00a0\u00bb el_id=\u00a0\u00bblavorazioni\u00a0\u00bb css=\u00a0\u00bb.vc_custom_1697042666798{background-color: #ffffff !important;}\u00a0\u00bb][vc_column][vc_empty_space][vc_column_text]<\/p>\n<h2 style=\"text-align: center;\">Processus de production<\/h2>\n<h3 style=\"text-align: center;\">D&rsquo;EXCEPTION<\/h3>\n<p>[\/vc_column_text][vc_empty_space][vc_single_image image=\u00a0\u00bb811&Prime; alignment=\u00a0\u00bbcenter\u00a0\u00bb onclick=\u00a0\u00bblink_image\u00a0\u00bb][vc_empty_space][vc_row_inner content_placement=\u00a0\u00bbmiddle\u00a0\u00bb][vc_column_inner width=\u00a0\u00bb1\/2&Prime;][vc_column_text]Nous assurons un <strong>suivi attentif de l\u2019ensemble du cycle de productio<\/strong>n, le bureau de production et les syst\u00e8mes de gestion des logiciels contr\u00f4lant chaque phase: l\u2019approvisionnement en mat\u00e9riel \u00e0 la livraison du produit final.[\/vc_column_text][vc_column_text]Nous mettons \u00e0 disposition de nos d\u00e9partements de production \u00e0 une <strong>large gamme de machines et d\u2019\u00e9quipements<\/strong>.<\/p>\n<p>L\u2019assemblage est assign\u00e9 \u00e0 des professionnels hautement qualifi\u00e9s capables de g\u00e9rer m\u00eame les r\u00e9alisations les plus complexes, Une attention m\u00e9ticuleuse port\u00e9e \u00e0 <strong>chaque d\u00e9tail<\/strong> en harmonie avec les pratiques artisanales traditionnelles et en totale conformit\u00e9 avec les caract\u00e9ristiques du projet et les demandes des clients.<\/p>\n<p>Le <strong>contr\u00f4le de qualit\u00e9<\/strong> minutieux et pr\u00e9cis du produit fini pr\u00e9c\u00e8de l\u2019\u00e9tape de l\u2019emballage, au cours de laquelle notre \u00e9quipe sp\u00e9cialis\u00e9e \u00e9value soigneusement la forme la plus appropri\u00e9e.[\/vc_column_text][\/vc_column_inner][vc_column_inner width=\u00a0\u00bb1\/2&Prime;][vc_empty_space el_class=\u00a0\u00bbpadding-mobile\u00a0\u00bb][vc_images_carousel images=\u00a0\u00bb414,420,417,426,405&Prime; img_size=\u00a0\u00bbfull\u00a0\u00bb onclick=\u00a0\u00bblink_no\u00a0\u00bb speed=\u00a0\u00bb3000&Prime; autoplay=\u00a0\u00bbyes\u00a0\u00bb hide_prev_next_buttons=\u00a0\u00bbyes\u00a0\u00bb wrap=\u00a0\u00bbyes\u00a0\u00bb css=\u00a0\u00bb.vc_custom_1697035986411{border-radius: 4px !important;}\u00a0\u00bb][\/vc_column_inner][\/vc_row_inner][vc_empty_space][\/vc_column][\/vc_row]<\/p>\n<\/div>","protected":false},"excerpt":{"rendered":"<p>[vc_row full_width=\u00a0\u00bbstretch_row\u00a0\u00bb css=\u00a0\u00bb.vc_custom_1697213248300{background-color: #fbf2ea !important;}\u00a0\u00bb el_id=\u00a0\u00bbpunti-forza\u00a0\u00bb][vc_column][vc_empty_space height=\u00a0\u00bb50px\u00a0\u00bb][vc_column_text] Les \u00e9l\u00e9ments essentiels qui contribuent \u00e0 notre succ\u00e8s SONT A VOTRE DISPOSITION [\/vc_column_text][\/vc_column][\/vc_row][vc_row full_width=\u00a0\u00bbstretch_row\u00a0\u00bb content_placement=\u00a0\u00bbmiddle\u00a0\u00bb css=\u00a0\u00bb.vc_custom_1697213254166{background-color: #fbf2ea !important;}\u00a0\u00bb][vc_column width=\u00a0\u00bb1\/2&Prime;][vc_row_inner<span class=\"excerpt-hellip\"> [\u2026]<\/span><\/p>\n","protected":false},"author":1,"featured_media":715,"parent":0,"menu_order":0,"comment_status":"closed","ping_status":"closed","template":"","meta":{"footnotes":""},"class_list":["post-648","page","type-page","status-publish","has-post-thumbnail","hentry"],"yoast_head":"<!-- This site is optimized with the Yoast SEO plugin v24.8.1 - https:\/\/yoast.com\/wordpress\/plugins\/seo\/ -->\n<title>Duegi Pelletterie: artisanat, organisation et contr\u00f4le de la qualit\u00e9<\/title>\n<meta name=\"description\" content=\"Production de sacs en cuir | Nos atouts : savoir-faire artisanal, organisation des lignes de production, contr\u00f4le strict de la qualit\u00e9.\" \/>\n<meta name=\"robots\" content=\"index, follow, max-snippet:-1, max-image-preview:large, max-video-preview:-1\" \/>\n<link rel=\"canonical\" href=\"https:\/\/duegipelletterie.it\/fr\/nos-points-forts\/\" \/>\n<meta property=\"og:locale\" content=\"fr_FR\" \/>\n<meta property=\"og:type\" content=\"article\" \/>\n<meta property=\"og:title\" content=\"Duegi Pelletterie: artisanat, organisation et contr\u00f4le de la qualit\u00e9\" \/>\n<meta property=\"og:description\" content=\"Production de sacs en cuir | Nos atouts : savoir-faire artisanal, organisation des lignes de production, contr\u00f4le strict de la qualit\u00e9.\" \/>\n<meta property=\"og:url\" content=\"https:\/\/duegipelletterie.it\/fr\/nos-points-forts\/\" \/>\n<meta property=\"og:site_name\" content=\"Duegi Pelletterie\" \/>\n<meta property=\"article:modified_time\" content=\"2023-10-19T13:31:31+00:00\" \/>\n<meta property=\"og:image\" content=\"https:\/\/duegipelletterie.it\/wp-content\/uploads\/2023\/09\/Duegi_borsa_carne_1500.jpg\" \/>\n\t<meta property=\"og:image:width\" content=\"1500\" \/>\n\t<meta property=\"og:image:height\" content=\"1500\" \/>\n\t<meta property=\"og:image:type\" content=\"image\/jpeg\" \/>\n<meta name=\"twitter:card\" content=\"summary_large_image\" \/>\n<meta name=\"twitter:label1\" content=\"Dur\u00e9e de lecture estim\u00e9e\" \/>\n\t<meta name=\"twitter:data1\" content=\"2 minutes\" \/>\n<script type=\"application\/ld+json\" class=\"yoast-schema-graph\">{\"@context\":\"https:\/\/schema.org\",\"@graph\":[{\"@type\":\"WebPage\",\"@id\":\"https:\/\/duegipelletterie.it\/fr\/nos-points-forts\/\",\"url\":\"https:\/\/duegipelletterie.it\/fr\/nos-points-forts\/\",\"name\":\"Duegi Pelletterie: artisanat, organisation et contr\u00f4le de la qualit\u00e9\",\"isPartOf\":{\"@id\":\"https:\/\/duegipelletterie.it\/#website\"},\"primaryImageOfPage\":{\"@id\":\"https:\/\/duegipelletterie.it\/fr\/nos-points-forts\/#primaryimage\"},\"image\":{\"@id\":\"https:\/\/duegipelletterie.it\/fr\/nos-points-forts\/#primaryimage\"},\"thumbnailUrl\":\"https:\/\/duegipelletterie.it\/wp-content\/uploads\/2023\/09\/Duegi_pelle_rossa_1500.jpg\",\"datePublished\":\"2023-10-13T09:56:37+00:00\",\"dateModified\":\"2023-10-19T13:31:31+00:00\",\"description\":\"Production de sacs en cuir | Nos atouts : savoir-faire artisanal, organisation des lignes de production, contr\u00f4le strict de la qualit\u00e9.\",\"breadcrumb\":{\"@id\":\"https:\/\/duegipelletterie.it\/fr\/nos-points-forts\/#breadcrumb\"},\"inLanguage\":\"fr-FR\",\"potentialAction\":[{\"@type\":\"ReadAction\",\"target\":[\"https:\/\/duegipelletterie.it\/fr\/nos-points-forts\/\"]}]},{\"@type\":\"ImageObject\",\"inLanguage\":\"fr-FR\",\"@id\":\"https:\/\/duegipelletterie.it\/fr\/nos-points-forts\/#primaryimage\",\"url\":\"https:\/\/duegipelletterie.it\/wp-content\/uploads\/2023\/09\/Duegi_pelle_rossa_1500.jpg\",\"contentUrl\":\"https:\/\/duegipelletterie.it\/wp-content\/uploads\/2023\/09\/Duegi_pelle_rossa_1500.jpg\",\"width\":1500,\"height\":1125},{\"@type\":\"BreadcrumbList\",\"@id\":\"https:\/\/duegipelletterie.it\/fr\/nos-points-forts\/#breadcrumb\",\"itemListElement\":[{\"@type\":\"ListItem\",\"position\":1,\"name\":\"Home\",\"item\":\"https:\/\/duegipelletterie.it\/fr\/\"},{\"@type\":\"ListItem\",\"position\":2,\"name\":\"Nos points forts\"}]},{\"@type\":\"WebSite\",\"@id\":\"https:\/\/duegipelletterie.it\/#website\",\"url\":\"https:\/\/duegipelletterie.it\/\",\"name\":\"Duegi Pelletterie\",\"description\":\"Exclusive Leather Goods\",\"publisher\":{\"@id\":\"https:\/\/duegipelletterie.it\/#organization\"},\"potentialAction\":[{\"@type\":\"SearchAction\",\"target\":{\"@type\":\"EntryPoint\",\"urlTemplate\":\"https:\/\/duegipelletterie.it\/?s={search_term_string}\"},\"query-input\":{\"@type\":\"PropertyValueSpecification\",\"valueRequired\":true,\"valueName\":\"search_term_string\"}}],\"inLanguage\":\"fr-FR\"},{\"@type\":\"Organization\",\"@id\":\"https:\/\/duegipelletterie.it\/#organization\",\"name\":\"Duegi Pelletterie\",\"url\":\"https:\/\/duegipelletterie.it\/\",\"logo\":{\"@type\":\"ImageObject\",\"inLanguage\":\"fr-FR\",\"@id\":\"https:\/\/duegipelletterie.it\/#\/schema\/logo\/image\/\",\"url\":\"https:\/\/duegipelletterie.it\/wp-content\/uploads\/2020\/07\/logo_duegi_512.jpg\",\"contentUrl\":\"https:\/\/duegipelletterie.it\/wp-content\/uploads\/2020\/07\/logo_duegi_512.jpg\",\"width\":512,\"height\":512,\"caption\":\"Duegi Pelletterie\"},\"image\":{\"@id\":\"https:\/\/duegipelletterie.it\/#\/schema\/logo\/image\/\"}}]}<\/script>\n<!-- \/ Yoast SEO plugin. -->","yoast_head_json":{"title":"Duegi Pelletterie: artisanat, organisation et contr\u00f4le de la qualit\u00e9","description":"Production de sacs en cuir | Nos atouts : savoir-faire artisanal, organisation des lignes de production, contr\u00f4le strict de la qualit\u00e9.","robots":{"index":"index","follow":"follow","max-snippet":"max-snippet:-1","max-image-preview":"max-image-preview:large","max-video-preview":"max-video-preview:-1"},"canonical":"https:\/\/duegipelletterie.it\/fr\/nos-points-forts\/","og_locale":"fr_FR","og_type":"article","og_title":"Duegi Pelletterie: artisanat, organisation et contr\u00f4le de la qualit\u00e9","og_description":"Production de sacs en cuir | Nos atouts : savoir-faire artisanal, organisation des lignes de production, contr\u00f4le strict de la qualit\u00e9.","og_url":"https:\/\/duegipelletterie.it\/fr\/nos-points-forts\/","og_site_name":"Duegi Pelletterie","article_modified_time":"2023-10-19T13:31:31+00:00","og_image":[{"width":1500,"height":1500,"url":"https:\/\/duegipelletterie.it\/wp-content\/uploads\/2023\/09\/Duegi_borsa_carne_1500.jpg","type":"image\/jpeg"}],"twitter_card":"summary_large_image","twitter_misc":{"Dur\u00e9e de lecture estim\u00e9e":"2 minutes"},"schema":{"@context":"https:\/\/schema.org","@graph":[{"@type":"WebPage","@id":"https:\/\/duegipelletterie.it\/fr\/nos-points-forts\/","url":"https:\/\/duegipelletterie.it\/fr\/nos-points-forts\/","name":"Duegi Pelletterie: artisanat, organisation et contr\u00f4le de la qualit\u00e9","isPartOf":{"@id":"https:\/\/duegipelletterie.it\/#website"},"primaryImageOfPage":{"@id":"https:\/\/duegipelletterie.it\/fr\/nos-points-forts\/#primaryimage"},"image":{"@id":"https:\/\/duegipelletterie.it\/fr\/nos-points-forts\/#primaryimage"},"thumbnailUrl":"https:\/\/duegipelletterie.it\/wp-content\/uploads\/2023\/09\/Duegi_pelle_rossa_1500.jpg","datePublished":"2023-10-13T09:56:37+00:00","dateModified":"2023-10-19T13:31:31+00:00","description":"Production de sacs en cuir | Nos atouts : savoir-faire artisanal, organisation des lignes de production, contr\u00f4le strict de la qualit\u00e9.","breadcrumb":{"@id":"https:\/\/duegipelletterie.it\/fr\/nos-points-forts\/#breadcrumb"},"inLanguage":"fr-FR","potentialAction":[{"@type":"ReadAction","target":["https:\/\/duegipelletterie.it\/fr\/nos-points-forts\/"]}]},{"@type":"ImageObject","inLanguage":"fr-FR","@id":"https:\/\/duegipelletterie.it\/fr\/nos-points-forts\/#primaryimage","url":"https:\/\/duegipelletterie.it\/wp-content\/uploads\/2023\/09\/Duegi_pelle_rossa_1500.jpg","contentUrl":"https:\/\/duegipelletterie.it\/wp-content\/uploads\/2023\/09\/Duegi_pelle_rossa_1500.jpg","width":1500,"height":1125},{"@type":"BreadcrumbList","@id":"https:\/\/duegipelletterie.it\/fr\/nos-points-forts\/#breadcrumb","itemListElement":[{"@type":"ListItem","position":1,"name":"Home","item":"https:\/\/duegipelletterie.it\/fr\/"},{"@type":"ListItem","position":2,"name":"Nos points forts"}]},{"@type":"WebSite","@id":"https:\/\/duegipelletterie.it\/#website","url":"https:\/\/duegipelletterie.it\/","name":"Duegi Pelletterie","description":"Exclusive Leather Goods","publisher":{"@id":"https:\/\/duegipelletterie.it\/#organization"},"potentialAction":[{"@type":"SearchAction","target":{"@type":"EntryPoint","urlTemplate":"https:\/\/duegipelletterie.it\/?s={search_term_string}"},"query-input":{"@type":"PropertyValueSpecification","valueRequired":true,"valueName":"search_term_string"}}],"inLanguage":"fr-FR"},{"@type":"Organization","@id":"https:\/\/duegipelletterie.it\/#organization","name":"Duegi Pelletterie","url":"https:\/\/duegipelletterie.it\/","logo":{"@type":"ImageObject","inLanguage":"fr-FR","@id":"https:\/\/duegipelletterie.it\/#\/schema\/logo\/image\/","url":"https:\/\/duegipelletterie.it\/wp-content\/uploads\/2020\/07\/logo_duegi_512.jpg","contentUrl":"https:\/\/duegipelletterie.it\/wp-content\/uploads\/2020\/07\/logo_duegi_512.jpg","width":512,"height":512,"caption":"Duegi Pelletterie"},"image":{"@id":"https:\/\/duegipelletterie.it\/#\/schema\/logo\/image\/"}}]}},"_links":{"self":[{"href":"https:\/\/duegipelletterie.it\/fr\/wp-json\/wp\/v2\/pages\/648","targetHints":{"allow":["GET"]}}],"collection":[{"href":"https:\/\/duegipelletterie.it\/fr\/wp-json\/wp\/v2\/pages"}],"about":[{"href":"https:\/\/duegipelletterie.it\/fr\/wp-json\/wp\/v2\/types\/page"}],"author":[{"embeddable":true,"href":"https:\/\/duegipelletterie.it\/fr\/wp-json\/wp\/v2\/users\/1"}],"replies":[{"embeddable":true,"href":"https:\/\/duegipelletterie.it\/fr\/wp-json\/wp\/v2\/comments?post=648"}],"version-history":[{"count":9,"href":"https:\/\/duegipelletterie.it\/fr\/wp-json\/wp\/v2\/pages\/648\/revisions"}],"predecessor-version":[{"id":1051,"href":"https:\/\/duegipelletterie.it\/fr\/wp-json\/wp\/v2\/pages\/648\/revisions\/1051"}],"wp:featuredmedia":[{"embeddable":true,"href":"https:\/\/duegipelletterie.it\/fr\/wp-json\/wp\/v2\/media\/715"}],"wp:attachment":[{"href":"https:\/\/duegipelletterie.it\/fr\/wp-json\/wp\/v2\/media?parent=648"}],"curies":[{"name":"wp","href":"https:\/\/api.w.org\/{rel}","templated":true}]}}